{"id":10635,"date":"2023-06-14T07:28:05","date_gmt":"2023-06-14T05:28:05","guid":{"rendered":"https:\/\/canephron.ch\/?page_id=10635"},"modified":"2023-06-21T17:30:47","modified_gmt":"2023-06-21T15:30:47","slug":"cistite-trattamento","status":"publish","type":"page","link":"https:\/\/www.canephron.ch\/it\/cistite-panoramica-delle-informazioni-piu-importanti\/cistite-trattamento\/","title":{"rendered":"Cistite \u2013 Trattamento"},"content":{"rendered":"\n<style type=\"text\/css\">\n\t#featured-block_5f9bb82629c9701c2c2e2ba9c665874d {\n        \/* Add styles that use ACF values here *\/\n        height: 75vw;\n        max-height: 398px;\n        min-height: 233px;\n                            background-image: url(https:\/\/www.canephron.ch\/wp-content\/uploads\/2023\/05\/blasenentzuendung-canephron-rosa-blueten-dunkelbraun-scaled.jpg);\n        \t}\n\n    @media (min-width: 700px) {\n        #featured-block_5f9bb82629c9701c2c2e2ba9c665874d {\n        height: 40vw;\n        }\n    }\n\n    @media (min-width: 1000px) {\n        #featured-block_5f9bb82629c9701c2c2e2ba9c665874d {\n        height: 28.5vw;\n        }\n    }\n\n    @media (min-width: 1400px) {\n        #featured-block_5f9bb82629c9701c2c2e2ba9c665874d {\n        height: 22vw;\n        }\n    }\n\n    @media (min-width: 1750px) {\n        #featured-block_5f9bb82629c9701c2c2e2ba9c665874d {\n        height: 18vw;\n        }\n    }\n\n    @media (min-width: 2200px) {\n        #featured-block_5f9bb82629c9701c2c2e2ba9c665874d {\n        height: 15vw;\n        }\n    }\n\n    .fully-loaded #featured-block_5f9bb82629c9701c2c2e2ba9c665874d {\n        height: auto;\n    }\n<\/style>\n\n\n\n<div id=\"featured-block_5f9bb82629c9701c2c2e2ba9c665874d\" class=\"block_featured alignfull single \">\n\n    \n\t<\/div>\n\n\n\n\n\n\n\n\n<style type=\"text\/css\">\n\t#content-block_fc7efdc04704d67cddf92e85843188bd {\n\t\t background-color: #f7f7f7;                  padding-bottom: 50px; \t}\n\n    #content-block_fc7efdc04704d67cddf92e85843188bd .container {\n\t\t background-color: #ffffff;         \t                        }\n    #content-block_fc7efdc04704d67cddf92e85843188bd .container h2{\n         background-color: #ffffff;     }\n<\/style>\n\n\n\n\n\n\n\n\n<div id=\"content-block_fc7efdc04704d67cddf92e85843188bd\" class=\"block_content alignfull shift_title  narrow\">\n\n\n    \n    <div class=\"container  content_shadow  \">\n        <div class=\"inner\" >\n            <h2 style=\"\">Cistite \u2013 Possibili trattamenti <\/h2>\n\n            <div class=\"content cols one\" style=\"\">\n                <div class=\"col\">\n                    <p>Generalmente la cistite pu\u00f2 essere curata in modo efficace. La cistite acuta pu\u00f2 essere trattata in diversi modi. Non appena una donna avverte i primi segnali di cistite, \u00e8 bene che intervenga tempestivamente.<\/p>\n                <\/div>\n                            <\/div>\n\n\n            \n            \n\n        <\/div>\n    <\/div>\n<\/div>\n\n\n<style type=\"text\/css\">\n    #grid-block_e93b2fb328e79f53c41f0cfd7488fac1 {\n\t\t                \t}\n\n    #grid-block_e93b2fb328e79f53c41f0cfd7488fac1 .container {\n\t\t                        \n    }\n\n<\/style>\n\n\n\n\n\n\n\n\n<div id=\"grid-block_e93b2fb328e79f53c41f0cfd7488fac1\" class=\"block_grid_wrap alignfull full \">\n\n    \n    <div class=\"container  content_shadow \">\n        <div class=\"box_wrap\">\n\n            <style type=\"text\/css\">\n                #grid-block_e93b2fb328e79f53c41f0cfd7488fac1 .box_left {\n                     background-color: #963cbd;                      color: #ffffff; \n                                    }\n\n                #grid-block_e93b2fb328e79f53c41f0cfd7488fac1 .box_left a{\n                     color: #ffffff;                 }\n            <\/style>\n\n\n                            <div class=\"box box_left text\"><div class=\"inner\">\n                    <h2 style=\" color: #ffffff; \">\n                        Medicamento fitoterapeutico                     <\/h2>\n                    <p>I medicamenti fitoterapeutici (prodotti fitoterapici) sono medicamenti provati per il trattamento della cistite. Inoltre possono essere assunti sin dalla comparsa dei primi segnali di cistite e spesso contengono una combinazione di diverse piante e altri principi attivi che si combinano alla perfezione per ottenere l&#8217;effetto desiderato. Le parti di piante frequentemente impiegate sono, per esempio, le foglie di uva ursina, la radice di rafano, il nasturzio o la combinazione di tre piante con foglie di rosmarino, centaurea minore e radice di levistico.<\/p>\n\n\n\n                \n                \n                <\/div><\/div> <!-- box text -->\n\n            \n            <style type=\"text\/css\">\n                #grid-block_e93b2fb328e79f53c41f0cfd7488fac1 .box_right {\n                                        \n                                    }\n                #grid-block_e93b2fb328e79f53c41f0cfd7488fac1 .box_right a{\n                                    }\n            <\/style>\n\n\n                                                            <div class=\"box box_right image\" style=\"background-image: url(https:\/\/www.canephron.ch\/wp-content\/uploads\/2023\/05\/blasenentzuendung-dreierkombination-canephron.png);\">\n                    <img decoding=\"async\" src=\"https:\/\/www.canephron.ch\/wp-content\/uploads\/2023\/05\/blasenentzuendung-dreierkombination-canephron.png\" alt=\"Icon einer Pflanze mit drei Bl\u00e4ttern in violett vor einem gelben Hintergrund\" \/>\n                <\/div>\n                \n                                <\/div>\n    <\/div>\n<\/div>\n\n\n\n\n\n\n<style type=\"text\/css\">\n    #grid-block_5becf00bfc128454ceef6856f35bd3ca {\n\t\t                \t}\n\n    #grid-block_5becf00bfc128454ceef6856f35bd3ca .container {\n\t\t                        \n    }\n\n<\/style>\n\n\n\n\n\n\n\n\n<div id=\"grid-block_5becf00bfc128454ceef6856f35bd3ca\" class=\"block_grid_wrap alignfull full \">\n\n    \n    <div class=\"container  content_shadow \">\n        <div class=\"box_wrap\">\n\n            <style type=\"text\/css\">\n                #grid-block_5becf00bfc128454ceef6856f35bd3ca .box_left {\n                     background-color: #ffffff;                      color: #ffffff; \n                                    }\n\n                #grid-block_5becf00bfc128454ceef6856f35bd3ca .box_left a{\n                     color: #ffffff;                 }\n            <\/style>\n\n\n                                                            <div class=\"box box_left image\" style=\"background-image: url(https:\/\/www.canephron.ch\/wp-content\/uploads\/2023\/05\/blasenentzuendung-arzneimittel-canephron.png);\">\n                    <img decoding=\"async\" src=\"https:\/\/www.canephron.ch\/wp-content\/uploads\/2023\/05\/blasenentzuendung-arzneimittel-canephron.png\" alt=\"Ein Icon einer violetten Checkliste vor einem gelben Hintergrund\" \/>\n                <\/div>\n                \n            \n            <style type=\"text\/css\">\n                #grid-block_5becf00bfc128454ceef6856f35bd3ca .box_right {\n                     background-color: #9c9c9c;                      color: #ffffff; \n                                    }\n                #grid-block_5becf00bfc128454ceef6856f35bd3ca .box_right a{\n                     color: #ffffff;                 }\n            <\/style>\n\n\n                            <div class=\"box box_right text\"><div class=\"inner\">\n                    <h2 style=\" color: #ffffff; \">\n                        Antibiotico                    <\/h2>\n                    <p>Spesso la cistite passa senza complicanze e guarisce anche senza il ricorso agli antibiotici. In alcune situazioni, per esempio in caso di aumentato rischio di complicanze o se si sospetta un&#8217;infiammazione della pelvi renale, \u00e8 necessario intervenire tempestivamente con un antibiotico soggetto a prescrizione medica. Il ricorso agli antibiotici consente di inibire la moltiplicazione dei batteri che causano l&#8217;infiammazione o addirittura di ucciderli completamente. Questo porta a una riduzione dell&#8217;infezione e, di conseguenza, dei relativi sintomi. Il medico pu\u00f2 scegliere tra diversi antibiotici efficaci contro la cistite. Per l&#8217;assunzione \u00e8 importante seguire le istruzioni dello specialista e rispettare la durata della terapia prescritta.<\/p>\n\n\n\n                \n                \n                <\/div><\/div> <!-- box text -->\n\n                                <\/div>\n    <\/div>\n<\/div>\n\n\n\n\n\n\n<style type=\"text\/css\">\n    #grid-block_f2aecf729a1a272de6f632007875543c {\n\t\t                \t}\n\n    #grid-block_f2aecf729a1a272de6f632007875543c .container {\n\t\t                        \n    }\n\n<\/style>\n\n\n\n\n\n\n\n\n<div id=\"grid-block_f2aecf729a1a272de6f632007875543c\" class=\"block_grid_wrap alignfull full \">\n\n    \n    <div class=\"container  content_shadow \">\n        <div class=\"box_wrap\">\n\n            <style type=\"text\/css\">\n                #grid-block_f2aecf729a1a272de6f632007875543c .box_left {\n                     background-color: #ffcd00;                      color: #2e3e58; \n                                    }\n\n                #grid-block_f2aecf729a1a272de6f632007875543c .box_left a{\n                     color: #2e3e58;                 }\n            <\/style>\n\n\n                            <div class=\"box box_left text\"><div class=\"inner\">\n                    <h2 style=\" color: #2e3e58; \">\n                        Cistite \u2013 Cosa fare                    <\/h2>\n                    <p>Oltre ad assumere medicamenti fitoterapeutici, agli antibiotici soggetti a prescrizione o ad altri medicamenti di sintesi (per es. gli antidolorifici), anche prevenire nel modo corretto pu\u00f2 contribuire a un rapido sollievo.<\/p>\n<p>&nbsp;<\/p>\n<p>&nbsp;<\/p>\n<p>&nbsp;<\/p>\n<p>&nbsp;<\/p>\n<p>&nbsp;<\/p>\n<p>&nbsp;<\/p>\n<p>&nbsp;<\/p>\n<p>&nbsp;<\/p>\n\n\n\n                \n                                <p class=\"text-center\">\n                    <a href=\"https:\/\/canephron.ch\/it\/consigli-per-prevenire-la-cistite\/\" class=\"btn dark \">\n                        <span class=\"text\" style=\" color: #963cbd; \" >Per saperne di pi\u00f9<\/span>\n                        <span class=\"btnarrow\"><\/span>\n                    <\/a>\n                <\/p>\n                \n                <\/div><\/div> <!-- box text -->\n\n            \n            <style type=\"text\/css\">\n                #grid-block_f2aecf729a1a272de6f632007875543c .box_right {\n                                        \n                                    }\n                #grid-block_f2aecf729a1a272de6f632007875543c .box_right a{\n                                    }\n            <\/style>\n\n\n                                                            <div class=\"box box_right image\" style=\"background-image: url(https:\/\/www.canephron.ch\/wp-content\/uploads\/2023\/05\/blasenentzuendung-warmhalten-canephron.png);\">\n                    <img decoding=\"async\" src=\"https:\/\/www.canephron.ch\/wp-content\/uploads\/2023\/05\/blasenentzuendung-warmhalten-canephron.png\" alt=\"Icon einer W\u00e4rmeflasche mit gelben Hintergrund\" \/>\n                <\/div>\n                \n                                <\/div>\n    <\/div>\n<\/div>\n\n\n\n\n\n\n<section class=\"wp-block-group container container-medium\"><div class=\"wp-block-group__inner-container is-layout-flow wp-block-group-is-layout-flow\">\n<div style=\"height:20px\" aria-hidden=\"true\" class=\"wp-block-spacer\"><\/div>\n<\/div><\/section>\n\n\n\n<div style=\"height:100px\" aria-hidden=\"true\" class=\"wp-block-spacer\"><\/div>\n\n\n\n<div style=\"height:100px\" aria-hidden=\"true\" class=\"wp-block-spacer\"><\/div>\n\n\n\n<style type=\"text\/css\">\n\t#why-block_945e2af21099c2b65eab44c357f79578 {\n\t\t                \t}\n\n    #why-block_945e2af21099c2b65eab44c357f79578 .container {\n\t\t         margin-top: -30px;          margin-bottom: 30px;             }\n<\/style>\n\n<div id=\"why-block_945e2af21099c2b65eab44c357f79578\" class=\"block_why alignfull\">\n\n    \n    <div class=\"container  content_shadow  \">\n\n        <div class=\"title\">CANEPHRON<\/div>\n\n        <div class=\"icons_wrap\">\n                            \n\n                    <div class=\"ico_box\">\n                        <div class=\"icon\">\n                                                            <img decoding=\"async\" src=\"https:\/\/www.canephron.ch\/wp-content\/uploads\/2023\/05\/blasenentzuendung-dreierkombination-canephron.png\" \/>\n                                                    <\/div>\n                        <div class=\"why_label\">\n                            Combinazione <br> di tre piante                        <\/div>\n                    <\/div>\n                \n\n                    <div class=\"ico_box\">\n                        <div class=\"icon\">\n                                                            <img decoding=\"async\" src=\"https:\/\/www.canephron.ch\/wp-content\/uploads\/2023\/05\/blasenentzuendung-verordnung-frauen-canephron.png\" \/>\n                                                    <\/div>\n                        <div class=\"why_label\">\n                            Per donne <br> a partire dai 18 anni                        <\/div>\n                    <\/div>\n                \n\n                    <div class=\"ico_box\">\n                        <div class=\"icon\">\n                                                            <img decoding=\"async\" src=\"https:\/\/www.canephron.ch\/wp-content\/uploads\/2023\/05\/blasenentzuendung-dosierung-canephron-e1684333427388.png\" \/>\n                                                    <\/div>\n                        <div class=\"why_label\">\n                            Dosaggio: <br>1 compressa rivestita <br>3 volte al giorno                        <\/div>\n                    <\/div>\n                \n\n                    <div class=\"ico_box\">\n                        <div class=\"icon\">\n                                                            <img decoding=\"async\" src=\"https:\/\/www.canephron.ch\/wp-content\/uploads\/2023\/05\/blasenentzuendung-arzneimittel-canephron.png\" \/>\n                                                    <\/div>\n                        <div class=\"why_label\">\n                            Medicamento <br>Categoria di dispensazione D                        <\/div>\n                    <\/div>\n                \n\n                    <div class=\"ico_box\">\n                        <div class=\"icon\">\n                                                            <img decoding=\"async\" src=\"https:\/\/www.canephron.ch\/wp-content\/uploads\/2023\/05\/blasenentzuendung-apotheke-und-drogerie-canephron.png\" \/>\n                                                    <\/div>\n                        <div class=\"why_label\">\n                            Disponibile in farmacia                        <\/div>\n                    <\/div>\n                                    <\/div>\n\n                    <div class=\"deco deco_bottom\"><div><\/div><\/div>\n        \n    <\/div>\n\n    <\/div>\n\n\n\n<div style=\"height:100px\" aria-hidden=\"true\" class=\"wp-block-spacer\"><\/div>\n\n\n\n<figure class=\"wp-block-image alignfull size-large\"><img loading=\"lazy\" decoding=\"async\" width=\"1024\" height=\"683\" src=\"https:\/\/canephron.ch\/wp-content\/uploads\/2023\/05\/blasenentzuendung-canephron-frau-gesicht-bett-1024x683.jpg\" alt=\"\" class=\"wp-image-9886\" srcset=\"https:\/\/www.canephron.ch\/wp-content\/uploads\/2023\/05\/blasenentzuendung-canephron-frau-gesicht-bett-1024x683.jpg 1024w, https:\/\/www.canephron.ch\/wp-content\/uploads\/2023\/05\/blasenentzuendung-canephron-frau-gesicht-bett-300x200.jpg 300w, https:\/\/www.canephron.ch\/wp-content\/uploads\/2023\/05\/blasenentzuendung-canephron-frau-gesicht-bett-768x512.jpg 768w, https:\/\/www.canephron.ch\/wp-content\/uploads\/2023\/05\/blasenentzuendung-canephron-frau-gesicht-bett-1536x1024.jpg 1536w, https:\/\/www.canephron.ch\/wp-content\/uploads\/2023\/05\/blasenentzuendung-canephron-frau-gesicht-bett-2048x1365.jpg 2048w, https:\/\/www.canephron.ch\/wp-content\/uploads\/2023\/05\/blasenentzuendung-canephron-frau-gesicht-bett-1000x667.jpg 1000w\" sizes=\"auto, (max-width: 1024px) 100vw, 1024px\" \/><\/figure>\n","protected":false},"excerpt":{"rendered":"","protected":false},"author":13,"featured_media":0,"parent":10606,"menu_order":0,"comment_status":"closed","ping_status":"closed","template":"","meta":{"_acf_changed":false,"footnotes":""},"class_list":["post-10635","page","type-page","status-publish","hentry"],"acf":[],"yoast_head":"<!-- This site is optimized with the Yoast SEO plugin v26.5 - https:\/\/yoast.com\/wordpress\/plugins\/seo\/ -->\n<title>Cistite \u2013 Trattamento - Canephron<\/title>\n<meta name=\"description\" content=\"Non appena una donna avverte i primi segnali di cistite, \u00e8 bene che intervenga tempestivamente. | Canephron\u00ae\" \/>\n<meta name=\"robots\" content=\"index, follow, max-snippet:-1, max-image-preview:large, max-video-preview:-1\" \/>\n<link rel=\"canonical\" href=\"https:\/\/www.canephron.ch\/it\/cistite-panoramica-delle-informazioni-piu-importanti\/cistite-trattamento\/\" \/>\n<meta property=\"og:locale\" content=\"it_IT\" \/>\n<meta property=\"og:type\" content=\"article\" \/>\n<meta property=\"og:title\" content=\"Cistite \u2013 Trattamento - Canephron\" \/>\n<meta property=\"og:description\" content=\"Non appena una donna avverte i primi segnali di cistite, \u00e8 bene che intervenga tempestivamente. | Canephron\u00ae\" \/>\n<meta property=\"og:url\" content=\"https:\/\/www.canephron.ch\/it\/cistite-panoramica-delle-informazioni-piu-importanti\/cistite-trattamento\/\" \/>\n<meta property=\"og:site_name\" content=\"Canephron\" \/>\n<meta property=\"article:modified_time\" content=\"2023-06-21T15:30:47+00:00\" \/>\n<meta property=\"og:image\" content=\"https:\/\/canephron.ch\/wp-content\/uploads\/2023\/05\/blasenentzuendung-canephron-frau-gesicht-bett-1024x683.jpg\" \/>\n<meta name=\"twitter:card\" content=\"summary_large_image\" \/>\n<meta name=\"twitter:label1\" content=\"Tempo di lettura stimato\" \/>\n\t<meta name=\"twitter:data1\" content=\"1 minuto\" \/>\n<script type=\"application\/ld+json\" class=\"yoast-schema-graph\">{\"@context\":\"https:\/\/schema.org\",\"@graph\":[{\"@type\":\"WebPage\",\"@id\":\"https:\/\/www.canephron.ch\/it\/cistite-panoramica-delle-informazioni-piu-importanti\/cistite-trattamento\/\",\"url\":\"https:\/\/www.canephron.ch\/it\/cistite-panoramica-delle-informazioni-piu-importanti\/cistite-trattamento\/\",\"name\":\"Cistite \u2013 Trattamento - Canephron\",\"isPartOf\":{\"@id\":\"https:\/\/www.canephron.ch\/it\/#website\"},\"primaryImageOfPage\":{\"@id\":\"https:\/\/www.canephron.ch\/it\/cistite-panoramica-delle-informazioni-piu-importanti\/cistite-trattamento\/#primaryimage\"},\"image\":{\"@id\":\"https:\/\/www.canephron.ch\/it\/cistite-panoramica-delle-informazioni-piu-importanti\/cistite-trattamento\/#primaryimage\"},\"thumbnailUrl\":\"https:\/\/canephron.ch\/wp-content\/uploads\/2023\/05\/blasenentzuendung-canephron-frau-gesicht-bett-1024x683.jpg\",\"datePublished\":\"2023-06-14T05:28:05+00:00\",\"dateModified\":\"2023-06-21T15:30:47+00:00\",\"description\":\"Non appena una donna avverte i primi segnali di cistite, \u00e8 bene che intervenga tempestivamente. | Canephron\u00ae\",\"breadcrumb\":{\"@id\":\"https:\/\/www.canephron.ch\/it\/cistite-panoramica-delle-informazioni-piu-importanti\/cistite-trattamento\/#breadcrumb\"},\"inLanguage\":\"it-IT\",\"potentialAction\":[{\"@type\":\"ReadAction\",\"target\":[\"https:\/\/www.canephron.ch\/it\/cistite-panoramica-delle-informazioni-piu-importanti\/cistite-trattamento\/\"]}]},{\"@type\":\"ImageObject\",\"inLanguage\":\"it-IT\",\"@id\":\"https:\/\/www.canephron.ch\/it\/cistite-panoramica-delle-informazioni-piu-importanti\/cistite-trattamento\/#primaryimage\",\"url\":\"https:\/\/canephron.ch\/wp-content\/uploads\/2023\/05\/blasenentzuendung-canephron-frau-gesicht-bett-1024x683.jpg\",\"contentUrl\":\"https:\/\/canephron.ch\/wp-content\/uploads\/2023\/05\/blasenentzuendung-canephron-frau-gesicht-bett-1024x683.jpg\"},{\"@type\":\"BreadcrumbList\",\"@id\":\"https:\/\/www.canephron.ch\/it\/cistite-panoramica-delle-informazioni-piu-importanti\/cistite-trattamento\/#breadcrumb\",\"itemListElement\":[{\"@type\":\"ListItem\",\"position\":1,\"name\":\"Home\",\"item\":\"https:\/\/www.canephron.ch\/it\/\"},{\"@type\":\"ListItem\",\"position\":2,\"name\":\"Cistite \u2013 Panoramica delle informazioni pi\u00f9 importanti\",\"item\":\"https:\/\/www.canephron.ch\/it\/cistite-panoramica-delle-informazioni-piu-importanti\/\"},{\"@type\":\"ListItem\",\"position\":3,\"name\":\"Cistite \u2013 Trattamento\"}]},{\"@type\":\"WebSite\",\"@id\":\"https:\/\/www.canephron.ch\/it\/#website\",\"url\":\"https:\/\/www.canephron.ch\/it\/\",\"name\":\"Canephron\u00ae gegen Blasenentz\u00fcndung\",\"description\":\"\",\"publisher\":{\"@id\":\"https:\/\/www.canephron.ch\/it\/#organization\"},\"potentialAction\":[{\"@type\":\"SearchAction\",\"target\":{\"@type\":\"EntryPoint\",\"urlTemplate\":\"https:\/\/www.canephron.ch\/it\/?s={search_term_string}\"},\"query-input\":{\"@type\":\"PropertyValueSpecification\",\"valueRequired\":true,\"valueName\":\"search_term_string\"}}],\"inLanguage\":\"it-IT\"},{\"@type\":\"Organization\",\"@id\":\"https:\/\/www.canephron.ch\/it\/#organization\",\"name\":\"Canephron Biomed AG\",\"url\":\"https:\/\/www.canephron.ch\/it\/\",\"logo\":{\"@type\":\"ImageObject\",\"inLanguage\":\"it-IT\",\"@id\":\"https:\/\/www.canephron.ch\/it\/#\/schema\/logo\/image\/\",\"url\":\"https:\/\/www.canephron.ch\/wp-content\/uploads\/2025\/02\/logo.svg\",\"contentUrl\":\"https:\/\/www.canephron.ch\/wp-content\/uploads\/2025\/02\/logo.svg\",\"width\":446,\"height\":51,\"caption\":\"Canephron Biomed AG\"},\"image\":{\"@id\":\"https:\/\/www.canephron.ch\/it\/#\/schema\/logo\/image\/\"}}]}<\/script>\n<!-- \/ Yoast SEO plugin. -->","yoast_head_json":{"title":"Cistite \u2013 Trattamento - Canephron","description":"Non appena una donna avverte i primi segnali di cistite, \u00e8 bene che intervenga tempestivamente. | Canephron\u00ae","robots":{"index":"index","follow":"follow","max-snippet":"max-snippet:-1","max-image-preview":"max-image-preview:large","max-video-preview":"max-video-preview:-1"},"canonical":"https:\/\/www.canephron.ch\/it\/cistite-panoramica-delle-informazioni-piu-importanti\/cistite-trattamento\/","og_locale":"it_IT","og_type":"article","og_title":"Cistite \u2013 Trattamento - Canephron","og_description":"Non appena una donna avverte i primi segnali di cistite, \u00e8 bene che intervenga tempestivamente. | Canephron\u00ae","og_url":"https:\/\/www.canephron.ch\/it\/cistite-panoramica-delle-informazioni-piu-importanti\/cistite-trattamento\/","og_site_name":"Canephron","article_modified_time":"2023-06-21T15:30:47+00:00","og_image":[{"url":"https:\/\/canephron.ch\/wp-content\/uploads\/2023\/05\/blasenentzuendung-canephron-frau-gesicht-bett-1024x683.jpg","type":"","width":"","height":""}],"twitter_card":"summary_large_image","twitter_misc":{"Tempo di lettura stimato":"1 minuto"},"schema":{"@context":"https:\/\/schema.org","@graph":[{"@type":"WebPage","@id":"https:\/\/www.canephron.ch\/it\/cistite-panoramica-delle-informazioni-piu-importanti\/cistite-trattamento\/","url":"https:\/\/www.canephron.ch\/it\/cistite-panoramica-delle-informazioni-piu-importanti\/cistite-trattamento\/","name":"Cistite \u2013 Trattamento - Canephron","isPartOf":{"@id":"https:\/\/www.canephron.ch\/it\/#website"},"primaryImageOfPage":{"@id":"https:\/\/www.canephron.ch\/it\/cistite-panoramica-delle-informazioni-piu-importanti\/cistite-trattamento\/#primaryimage"},"image":{"@id":"https:\/\/www.canephron.ch\/it\/cistite-panoramica-delle-informazioni-piu-importanti\/cistite-trattamento\/#primaryimage"},"thumbnailUrl":"https:\/\/canephron.ch\/wp-content\/uploads\/2023\/05\/blasenentzuendung-canephron-frau-gesicht-bett-1024x683.jpg","datePublished":"2023-06-14T05:28:05+00:00","dateModified":"2023-06-21T15:30:47+00:00","description":"Non appena una donna avverte i primi segnali di cistite, \u00e8 bene che intervenga tempestivamente. | Canephron\u00ae","breadcrumb":{"@id":"https:\/\/www.canephron.ch\/it\/cistite-panoramica-delle-informazioni-piu-importanti\/cistite-trattamento\/#breadcrumb"},"inLanguage":"it-IT","potentialAction":[{"@type":"ReadAction","target":["https:\/\/www.canephron.ch\/it\/cistite-panoramica-delle-informazioni-piu-importanti\/cistite-trattamento\/"]}]},{"@type":"ImageObject","inLanguage":"it-IT","@id":"https:\/\/www.canephron.ch\/it\/cistite-panoramica-delle-informazioni-piu-importanti\/cistite-trattamento\/#primaryimage","url":"https:\/\/canephron.ch\/wp-content\/uploads\/2023\/05\/blasenentzuendung-canephron-frau-gesicht-bett-1024x683.jpg","contentUrl":"https:\/\/canephron.ch\/wp-content\/uploads\/2023\/05\/blasenentzuendung-canephron-frau-gesicht-bett-1024x683.jpg"},{"@type":"BreadcrumbList","@id":"https:\/\/www.canephron.ch\/it\/cistite-panoramica-delle-informazioni-piu-importanti\/cistite-trattamento\/#breadcrumb","itemListElement":[{"@type":"ListItem","position":1,"name":"Home","item":"https:\/\/www.canephron.ch\/it\/"},{"@type":"ListItem","position":2,"name":"Cistite \u2013 Panoramica delle informazioni pi\u00f9 importanti","item":"https:\/\/www.canephron.ch\/it\/cistite-panoramica-delle-informazioni-piu-importanti\/"},{"@type":"ListItem","position":3,"name":"Cistite \u2013 Trattamento"}]},{"@type":"WebSite","@id":"https:\/\/www.canephron.ch\/it\/#website","url":"https:\/\/www.canephron.ch\/it\/","name":"Canephron\u00ae gegen Blasenentz\u00fcndung","description":"","publisher":{"@id":"https:\/\/www.canephron.ch\/it\/#organization"},"potentialAction":[{"@type":"SearchAction","target":{"@type":"EntryPoint","urlTemplate":"https:\/\/www.canephron.ch\/it\/?s={search_term_string}"},"query-input":{"@type":"PropertyValueSpecification","valueRequired":true,"valueName":"search_term_string"}}],"inLanguage":"it-IT"},{"@type":"Organization","@id":"https:\/\/www.canephron.ch\/it\/#organization","name":"Canephron Biomed AG","url":"https:\/\/www.canephron.ch\/it\/","logo":{"@type":"ImageObject","inLanguage":"it-IT","@id":"https:\/\/www.canephron.ch\/it\/#\/schema\/logo\/image\/","url":"https:\/\/www.canephron.ch\/wp-content\/uploads\/2025\/02\/logo.svg","contentUrl":"https:\/\/www.canephron.ch\/wp-content\/uploads\/2025\/02\/logo.svg","width":446,"height":51,"caption":"Canephron Biomed AG"},"image":{"@id":"https:\/\/www.canephron.ch\/it\/#\/schema\/logo\/image\/"}}]}},"_links":{"self":[{"href":"https:\/\/www.canephron.ch\/it\/wp-json\/wp\/v2\/pages\/10635","targetHints":{"allow":["GET"]}}],"collection":[{"href":"https:\/\/www.canephron.ch\/it\/wp-json\/wp\/v2\/pages"}],"about":[{"href":"https:\/\/www.canephron.ch\/it\/wp-json\/wp\/v2\/types\/page"}],"author":[{"embeddable":true,"href":"https:\/\/www.canephron.ch\/it\/wp-json\/wp\/v2\/users\/13"}],"replies":[{"embeddable":true,"href":"https:\/\/www.canephron.ch\/it\/wp-json\/wp\/v2\/comments?post=10635"}],"version-history":[{"count":8,"href":"https:\/\/www.canephron.ch\/it\/wp-json\/wp\/v2\/pages\/10635\/revisions"}],"predecessor-version":[{"id":10970,"href":"https:\/\/www.canephron.ch\/it\/wp-json\/wp\/v2\/pages\/10635\/revisions\/10970"}],"up":[{"embeddable":true,"href":"https:\/\/www.canephron.ch\/it\/wp-json\/wp\/v2\/pages\/10606"}],"wp:attachment":[{"href":"https:\/\/www.canephron.ch\/it\/wp-json\/wp\/v2\/media?parent=10635"}],"curies":[{"name":"wp","href":"https:\/\/api.w.org\/{rel}","templated":true}]}}