{"id":10630,"date":"2023-06-14T06:56:56","date_gmt":"2023-06-14T04:56:56","guid":{"rendered":"https:\/\/canephron.ch\/?page_id=10630"},"modified":"2023-06-21T17:27:18","modified_gmt":"2023-06-21T15:27:18","slug":"cistite-cause","status":"publish","type":"page","link":"https:\/\/www.canephron.ch\/it\/cistite-panoramica-delle-informazioni-piu-importanti\/cistite-cause\/","title":{"rendered":"Cistite \u2013 Cause"},"content":{"rendered":"\n<style type=\"text\/css\">\n\t#featured-block_dfd438e8e4110738225aac3c6206df3d {\n        \/* Add styles that use ACF values here *\/\n        height: 75vw;\n        max-height: 398px;\n        min-height: 233px;\n                            background-image: url(https:\/\/www.canephron.ch\/wp-content\/uploads\/2023\/05\/blasenentzuendung-canephron-blueten-rosa-quer-scaled.jpg);\n        \t}\n\n    @media (min-width: 700px) {\n        #featured-block_dfd438e8e4110738225aac3c6206df3d {\n        height: 40vw;\n        }\n    }\n\n    @media (min-width: 1000px) {\n        #featured-block_dfd438e8e4110738225aac3c6206df3d {\n        height: 28.5vw;\n        }\n    }\n\n    @media (min-width: 1400px) {\n        #featured-block_dfd438e8e4110738225aac3c6206df3d {\n        height: 22vw;\n        }\n    }\n\n    @media (min-width: 1750px) {\n        #featured-block_dfd438e8e4110738225aac3c6206df3d {\n        height: 18vw;\n        }\n    }\n\n    @media (min-width: 2200px) {\n        #featured-block_dfd438e8e4110738225aac3c6206df3d {\n        height: 15vw;\n        }\n    }\n\n    .fully-loaded #featured-block_dfd438e8e4110738225aac3c6206df3d {\n        height: auto;\n    }\n<\/style>\n\n\n\n<div id=\"featured-block_dfd438e8e4110738225aac3c6206df3d\" class=\"block_featured alignfull single \">\n\n    \n\t<\/div>\n\n\n\n\n\n\n\n\n<style type=\"text\/css\">\n\t#content-block_22a83c9debfc43cb260f878e5e43cb72 {\n\t\t background-color: #f7f7f7;                  padding-bottom: 50px; \t}\n\n    #content-block_22a83c9debfc43cb260f878e5e43cb72 .container {\n\t\t background-color: #ffffff;         \t                        }\n    #content-block_22a83c9debfc43cb260f878e5e43cb72 .container h2{\n         background-color: #ffffff;     }\n<\/style>\n\n\n\n\n\n\n\n\n<div id=\"content-block_22a83c9debfc43cb260f878e5e43cb72\" class=\"block_content alignfull shift_title  narrow\">\n\n\n    \n    <div class=\"container  content_shadow  \">\n        <div class=\"inner\" >\n            <h2 style=\"\">Cistite \u2013 Cause e fattori di rischio <\/h2>\n\n            <div class=\"content cols one\" style=\"\">\n                <div class=\"col\">\n                    <p>Esistono diversi fattori che possono favorire l&#8217;insorgere della cistite. Di norma la maggior parte delle persone colpite non \u00e8 in grado di indicare con esattezza il motivo del nuovo episodio di cistite acuta. L&#8217;esperienza dimostra che generalmente i fattori coinvolti nelle infiammazioni a livello della vescica sono molteplici.<\/p>\n<p>&nbsp;<\/p>\n<p>Tuttavia il principale fattore di rischio della cistite \u00e8 il sesso femminile perch\u00e9 le donne, a causa della loro anatomia, ne soffrono molto pi\u00f9 spesso rispetto agli uomini.<\/p>\n<p>&nbsp;<\/p>\n<p>&nbsp;<\/p>\n                <\/div>\n                            <\/div>\n\n\n            \n                        <p class=\"text-center\">\n                <a href=\"https:\/\/canephron.ch\/it\/cistite-panoramica-delle-informazioni-piu-importanti\/cistite\/\" class=\"btn dark \">\n                    <span class=\"text\" style=\" color: #963cbd; \" >Per saperne di pi\u00f9<\/span>\n                    <span class=\"btnarrow\"><\/span>\n                <\/a>\n            <\/p>\n            \n\n        <\/div>\n    <\/div>\n<\/div>\n\n\n\n\n\n\n\n<style type=\"text\/css\">\n\t#content-block_b7c1c50232250b9aa3e088e4b1ee0a71 {\n\t\t                \t}\n\n    #content-block_b7c1c50232250b9aa3e088e4b1ee0a71 .container {\n\t\t        \t     margin-bottom: 100px;                     }\n    #content-block_b7c1c50232250b9aa3e088e4b1ee0a71 .container h2{\n            }\n<\/style>\n\n\n\n\n\n\n\n\n<div id=\"content-block_b7c1c50232250b9aa3e088e4b1ee0a71\" class=\"block_content alignfull narrow\">\n\n\n    \n    <div class=\"container  \">\n        <div class=\"inner\" >\n            <h2 style=\"\">Altri fattori che possono favorire l&#8217;insorgere della cistite<\/h2>\n\n            <div class=\"content cols one\" style=\"\">\n                <div class=\"col\">\n                    <ul class=\"is-style-check_lines\">\n<li><strong>Insufficiente apporto di liquidi<\/strong><br \/>\nUn insufficiente apporto di liquidi fa s\u00ec che i germi permangano pi\u00f9 a lungo nelle vie urinarie. Il rischio di cistite aumenta. Un maggiore apporto di liquidi provoca una minzione frequente. In questo modo gli agenti patogeni vengono espulsi regolarmente.<\/li>\n<li><strong>Esposizione al freddo<\/strong><strong><br \/>\n<\/strong>La bassa temperatura corporea, per es. quando si indossa il costume bagnato a lungo o ci si siede su superfici fredde, indebolisce il sistema immunitario. I batteri possono insediarsi pi\u00f9 facilmente nell&#8217;uretra e nella vescica e la loro moltiplicazione ne risulta favorita.<\/li>\n<li><strong>Igiene non corretta o eccessiva delle parti intime<\/strong><strong><br \/>\n<\/strong>Spray intimi, detergenti troppo aggressivi o una direzione di pulizia della zona genitale sbagliata facilitano l&#8217;ingresso dei germi nell&#8217;uretra. Dopo essere andate alla toilette bisogna sempre pulirsi accuratamente da davanti a dietro per evitare il diffondersi dei germi.<\/li>\n<li><strong>Rapporti sessuali pi\u00f9 frequenti<br \/>\n<\/strong>La cistite acuta che si presenta in concomitanza con una maggiore frequenza di rapporti sessuali \u00e8 conosciuta anche con il nome di &#8220;cistite da luna di miele&#8221;. Non \u00e8 diversa dalla cistite classica, cambia solo la causa dell&#8217;infezione. Come contromisura \u00e8 opportuno svuotare prontamente la vescica dopo i rapporti sessuali per eliminare gli eventuali germi penetrati.<strong><br \/>\n<\/strong><\/li>\n<li><strong>Cambiamenti ormonali o contraccezione<\/strong><br \/>\nUn cambiamento dell&#8217;equilibrio ormonale pu\u00f2 aumentare la vulnerabilit\u00e0 alla cistite. I motivi alla base di questi cambiamenti possono essere la gravidanza, l&#8217;assunzione della \u201cpillola\u201d o la carenza di estrogeni in menopausa. Anche alcuni metodi contraccettivi, come per es. i diaframmi e gli spermicidi (utilizzati anche per rivestire i preservativi, ad esempio), favoriscono l&#8217;insorgere della cistite, poich\u00e9 possono irritare il tratto urinario e favorire la penetrazione dei batteri. In tal caso conviene prendere in considerazione metodi contraccettivi alternativi.<\/li>\n<\/ul>\n                <\/div>\n                            <\/div>\n\n\n            \n            \n\n        <\/div>\n    <\/div>\n<\/div>\n\n\n<div style=\"height:100px\" aria-hidden=\"true\" class=\"wp-block-spacer\"><\/div>\n\n\n\n<style type=\"text\/css\">\n\t#why-block_abb63f25e4d8b9fd6e39d382d9237bfc {\n\t\t                \t}\n\n    #why-block_abb63f25e4d8b9fd6e39d382d9237bfc .container {\n\t\t         margin-top: -30px;          margin-bottom: 30px;             }\n<\/style>\n\n<div id=\"why-block_abb63f25e4d8b9fd6e39d382d9237bfc\" class=\"block_why alignfull\">\n\n    \n    <div class=\"container  content_shadow  \">\n\n        <div class=\"title\">CANEPHRON<\/div>\n\n        <div class=\"icons_wrap\">\n                            \n\n                    <div class=\"ico_box\">\n                        <div class=\"icon\">\n                                                            <img decoding=\"async\" src=\"https:\/\/www.canephron.ch\/wp-content\/uploads\/2023\/05\/blasenentzuendung-dreierkombination-canephron.png\" \/>\n                                                    <\/div>\n                        <div class=\"why_label\">\n                            Combinazione <br> di tre piante                        <\/div>\n                    <\/div>\n                \n\n                    <div class=\"ico_box\">\n                        <div class=\"icon\">\n                                                            <img decoding=\"async\" src=\"https:\/\/www.canephron.ch\/wp-content\/uploads\/2023\/05\/blasenentzuendung-verordnung-frauen-canephron.png\" \/>\n                                                    <\/div>\n                        <div class=\"why_label\">\n                            Per donne <br> a partire dai 18 anni                        <\/div>\n                    <\/div>\n                \n\n                    <div class=\"ico_box\">\n                        <div class=\"icon\">\n                                                            <img decoding=\"async\" src=\"https:\/\/www.canephron.ch\/wp-content\/uploads\/2023\/05\/blasenentzuendung-dosierung-canephron-e1684333427388.png\" \/>\n                                                    <\/div>\n                        <div class=\"why_label\">\n                            Dosaggio: <br>1 compressa rivestita <br>3 volte al giorno                        <\/div>\n                    <\/div>\n                \n\n                    <div class=\"ico_box\">\n                        <div class=\"icon\">\n                                                            <img decoding=\"async\" src=\"https:\/\/www.canephron.ch\/wp-content\/uploads\/2023\/05\/blasenentzuendung-arzneimittel-canephron.png\" \/>\n                                                    <\/div>\n                        <div class=\"why_label\">\n                            Medicamento <br>Categoria di dispensazione D                        <\/div>\n                    <\/div>\n                \n\n                    <div class=\"ico_box\">\n                        <div class=\"icon\">\n                                                            <img decoding=\"async\" src=\"https:\/\/www.canephron.ch\/wp-content\/uploads\/2023\/05\/blasenentzuendung-apotheke-und-drogerie-canephron.png\" \/>\n                                                    <\/div>\n                        <div class=\"why_label\">\n                            Disponibile in farmacia                        <\/div>\n                    <\/div>\n                                    <\/div>\n\n                    <div class=\"deco deco_bottom\"><div><\/div><\/div>\n        \n    <\/div>\n\n    <\/div>\n\n\n\n<div style=\"height:100px\" aria-hidden=\"true\" class=\"wp-block-spacer\"><\/div>\n\n\n\n<figure class=\"wp-block-image alignfull size-large\"><img loading=\"lazy\" decoding=\"async\" width=\"1024\" height=\"683\" src=\"https:\/\/canephron.ch\/wp-content\/uploads\/2023\/05\/blasenentzuendung-canephron-frau-unterleibsschmerzen-1024x683.jpg\" alt=\"\" class=\"wp-image-9901\" srcset=\"https:\/\/www.canephron.ch\/wp-content\/uploads\/2023\/05\/blasenentzuendung-canephron-frau-unterleibsschmerzen-1024x683.jpg 1024w, https:\/\/www.canephron.ch\/wp-content\/uploads\/2023\/05\/blasenentzuendung-canephron-frau-unterleibsschmerzen-300x200.jpg 300w, https:\/\/www.canephron.ch\/wp-content\/uploads\/2023\/05\/blasenentzuendung-canephron-frau-unterleibsschmerzen-768x512.jpg 768w, https:\/\/www.canephron.ch\/wp-content\/uploads\/2023\/05\/blasenentzuendung-canephron-frau-unterleibsschmerzen-1536x1025.jpg 1536w, https:\/\/www.canephron.ch\/wp-content\/uploads\/2023\/05\/blasenentzuendung-canephron-frau-unterleibsschmerzen-2048x1366.jpg 2048w, https:\/\/www.canephron.ch\/wp-content\/uploads\/2023\/05\/blasenentzuendung-canephron-frau-unterleibsschmerzen-1000x667.jpg 1000w\" sizes=\"auto, (max-width: 1024px) 100vw, 1024px\" \/><\/figure>\n","protected":false},"excerpt":{"rendered":"","protected":false},"author":13,"featured_media":0,"parent":10606,"menu_order":0,"comment_status":"closed","ping_status":"closed","template":"","meta":{"_acf_changed":false,"footnotes":""},"class_list":["post-10630","page","type-page","status-publish","hentry"],"acf":[],"yoast_head":"<!-- This site is optimized with the Yoast SEO plugin v26.5 - https:\/\/yoast.com\/wordpress\/plugins\/seo\/ -->\n<title>Cistite \u2013 Cause - Canephron<\/title>\n<meta name=\"description\" content=\"L&#039;esperienza dimostra che generalmente i fattori coinvolti nelle infiammazioni a livello della vescica sono molteplici. | Canephron\u00ae\" \/>\n<meta name=\"robots\" content=\"index, follow, max-snippet:-1, max-image-preview:large, max-video-preview:-1\" \/>\n<link rel=\"canonical\" href=\"https:\/\/www.canephron.ch\/it\/cistite-panoramica-delle-informazioni-piu-importanti\/cistite-cause\/\" \/>\n<meta property=\"og:locale\" content=\"it_IT\" \/>\n<meta property=\"og:type\" content=\"article\" \/>\n<meta property=\"og:title\" content=\"Cistite \u2013 Cause - Canephron\" \/>\n<meta property=\"og:description\" content=\"L&#039;esperienza dimostra che generalmente i fattori coinvolti nelle infiammazioni a livello della vescica sono molteplici. | Canephron\u00ae\" \/>\n<meta property=\"og:url\" content=\"https:\/\/www.canephron.ch\/it\/cistite-panoramica-delle-informazioni-piu-importanti\/cistite-cause\/\" \/>\n<meta property=\"og:site_name\" content=\"Canephron\" \/>\n<meta property=\"article:modified_time\" content=\"2023-06-21T15:27:18+00:00\" \/>\n<meta property=\"og:image\" content=\"https:\/\/canephron.ch\/wp-content\/uploads\/2023\/05\/blasenentzuendung-canephron-frau-unterleibsschmerzen-1024x683.jpg\" \/>\n<meta name=\"twitter:card\" content=\"summary_large_image\" \/>\n<meta name=\"twitter:label1\" content=\"Tempo di lettura stimato\" \/>\n\t<meta name=\"twitter:data1\" content=\"1 minuto\" \/>\n<script type=\"application\/ld+json\" class=\"yoast-schema-graph\">{\"@context\":\"https:\/\/schema.org\",\"@graph\":[{\"@type\":\"WebPage\",\"@id\":\"https:\/\/www.canephron.ch\/it\/cistite-panoramica-delle-informazioni-piu-importanti\/cistite-cause\/\",\"url\":\"https:\/\/www.canephron.ch\/it\/cistite-panoramica-delle-informazioni-piu-importanti\/cistite-cause\/\",\"name\":\"Cistite \u2013 Cause - Canephron\",\"isPartOf\":{\"@id\":\"https:\/\/www.canephron.ch\/it\/#website\"},\"primaryImageOfPage\":{\"@id\":\"https:\/\/www.canephron.ch\/it\/cistite-panoramica-delle-informazioni-piu-importanti\/cistite-cause\/#primaryimage\"},\"image\":{\"@id\":\"https:\/\/www.canephron.ch\/it\/cistite-panoramica-delle-informazioni-piu-importanti\/cistite-cause\/#primaryimage\"},\"thumbnailUrl\":\"https:\/\/canephron.ch\/wp-content\/uploads\/2023\/05\/blasenentzuendung-canephron-frau-unterleibsschmerzen-1024x683.jpg\",\"datePublished\":\"2023-06-14T04:56:56+00:00\",\"dateModified\":\"2023-06-21T15:27:18+00:00\",\"description\":\"L'esperienza dimostra che generalmente i fattori coinvolti nelle infiammazioni a livello della vescica sono molteplici. | Canephron\u00ae\",\"breadcrumb\":{\"@id\":\"https:\/\/www.canephron.ch\/it\/cistite-panoramica-delle-informazioni-piu-importanti\/cistite-cause\/#breadcrumb\"},\"inLanguage\":\"it-IT\",\"potentialAction\":[{\"@type\":\"ReadAction\",\"target\":[\"https:\/\/www.canephron.ch\/it\/cistite-panoramica-delle-informazioni-piu-importanti\/cistite-cause\/\"]}]},{\"@type\":\"ImageObject\",\"inLanguage\":\"it-IT\",\"@id\":\"https:\/\/www.canephron.ch\/it\/cistite-panoramica-delle-informazioni-piu-importanti\/cistite-cause\/#primaryimage\",\"url\":\"https:\/\/canephron.ch\/wp-content\/uploads\/2023\/05\/blasenentzuendung-canephron-frau-unterleibsschmerzen-1024x683.jpg\",\"contentUrl\":\"https:\/\/canephron.ch\/wp-content\/uploads\/2023\/05\/blasenentzuendung-canephron-frau-unterleibsschmerzen-1024x683.jpg\"},{\"@type\":\"BreadcrumbList\",\"@id\":\"https:\/\/www.canephron.ch\/it\/cistite-panoramica-delle-informazioni-piu-importanti\/cistite-cause\/#breadcrumb\",\"itemListElement\":[{\"@type\":\"ListItem\",\"position\":1,\"name\":\"Home\",\"item\":\"https:\/\/www.canephron.ch\/it\/\"},{\"@type\":\"ListItem\",\"position\":2,\"name\":\"Cistite \u2013 Panoramica delle informazioni pi\u00f9 importanti\",\"item\":\"https:\/\/www.canephron.ch\/it\/cistite-panoramica-delle-informazioni-piu-importanti\/\"},{\"@type\":\"ListItem\",\"position\":3,\"name\":\"Cistite \u2013 Cause\"}]},{\"@type\":\"WebSite\",\"@id\":\"https:\/\/www.canephron.ch\/it\/#website\",\"url\":\"https:\/\/www.canephron.ch\/it\/\",\"name\":\"Canephron\u00ae gegen Blasenentz\u00fcndung\",\"description\":\"\",\"publisher\":{\"@id\":\"https:\/\/www.canephron.ch\/it\/#organization\"},\"potentialAction\":[{\"@type\":\"SearchAction\",\"target\":{\"@type\":\"EntryPoint\",\"urlTemplate\":\"https:\/\/www.canephron.ch\/it\/?s={search_term_string}\"},\"query-input\":{\"@type\":\"PropertyValueSpecification\",\"valueRequired\":true,\"valueName\":\"search_term_string\"}}],\"inLanguage\":\"it-IT\"},{\"@type\":\"Organization\",\"@id\":\"https:\/\/www.canephron.ch\/it\/#organization\",\"name\":\"Canephron Biomed AG\",\"url\":\"https:\/\/www.canephron.ch\/it\/\",\"logo\":{\"@type\":\"ImageObject\",\"inLanguage\":\"it-IT\",\"@id\":\"https:\/\/www.canephron.ch\/it\/#\/schema\/logo\/image\/\",\"url\":\"https:\/\/www.canephron.ch\/wp-content\/uploads\/2025\/02\/logo.svg\",\"contentUrl\":\"https:\/\/www.canephron.ch\/wp-content\/uploads\/2025\/02\/logo.svg\",\"width\":446,\"height\":51,\"caption\":\"Canephron Biomed AG\"},\"image\":{\"@id\":\"https:\/\/www.canephron.ch\/it\/#\/schema\/logo\/image\/\"}}]}<\/script>\n<!-- \/ Yoast SEO plugin. -->","yoast_head_json":{"title":"Cistite \u2013 Cause - Canephron","description":"L'esperienza dimostra che generalmente i fattori coinvolti nelle infiammazioni a livello della vescica sono molteplici. | Canephron\u00ae","robots":{"index":"index","follow":"follow","max-snippet":"max-snippet:-1","max-image-preview":"max-image-preview:large","max-video-preview":"max-video-preview:-1"},"canonical":"https:\/\/www.canephron.ch\/it\/cistite-panoramica-delle-informazioni-piu-importanti\/cistite-cause\/","og_locale":"it_IT","og_type":"article","og_title":"Cistite \u2013 Cause - Canephron","og_description":"L'esperienza dimostra che generalmente i fattori coinvolti nelle infiammazioni a livello della vescica sono molteplici. | Canephron\u00ae","og_url":"https:\/\/www.canephron.ch\/it\/cistite-panoramica-delle-informazioni-piu-importanti\/cistite-cause\/","og_site_name":"Canephron","article_modified_time":"2023-06-21T15:27:18+00:00","og_image":[{"url":"https:\/\/canephron.ch\/wp-content\/uploads\/2023\/05\/blasenentzuendung-canephron-frau-unterleibsschmerzen-1024x683.jpg","type":"","width":"","height":""}],"twitter_card":"summary_large_image","twitter_misc":{"Tempo di lettura stimato":"1 minuto"},"schema":{"@context":"https:\/\/schema.org","@graph":[{"@type":"WebPage","@id":"https:\/\/www.canephron.ch\/it\/cistite-panoramica-delle-informazioni-piu-importanti\/cistite-cause\/","url":"https:\/\/www.canephron.ch\/it\/cistite-panoramica-delle-informazioni-piu-importanti\/cistite-cause\/","name":"Cistite \u2013 Cause - Canephron","isPartOf":{"@id":"https:\/\/www.canephron.ch\/it\/#website"},"primaryImageOfPage":{"@id":"https:\/\/www.canephron.ch\/it\/cistite-panoramica-delle-informazioni-piu-importanti\/cistite-cause\/#primaryimage"},"image":{"@id":"https:\/\/www.canephron.ch\/it\/cistite-panoramica-delle-informazioni-piu-importanti\/cistite-cause\/#primaryimage"},"thumbnailUrl":"https:\/\/canephron.ch\/wp-content\/uploads\/2023\/05\/blasenentzuendung-canephron-frau-unterleibsschmerzen-1024x683.jpg","datePublished":"2023-06-14T04:56:56+00:00","dateModified":"2023-06-21T15:27:18+00:00","description":"L'esperienza dimostra che generalmente i fattori coinvolti nelle infiammazioni a livello della vescica sono molteplici. | Canephron\u00ae","breadcrumb":{"@id":"https:\/\/www.canephron.ch\/it\/cistite-panoramica-delle-informazioni-piu-importanti\/cistite-cause\/#breadcrumb"},"inLanguage":"it-IT","potentialAction":[{"@type":"ReadAction","target":["https:\/\/www.canephron.ch\/it\/cistite-panoramica-delle-informazioni-piu-importanti\/cistite-cause\/"]}]},{"@type":"ImageObject","inLanguage":"it-IT","@id":"https:\/\/www.canephron.ch\/it\/cistite-panoramica-delle-informazioni-piu-importanti\/cistite-cause\/#primaryimage","url":"https:\/\/canephron.ch\/wp-content\/uploads\/2023\/05\/blasenentzuendung-canephron-frau-unterleibsschmerzen-1024x683.jpg","contentUrl":"https:\/\/canephron.ch\/wp-content\/uploads\/2023\/05\/blasenentzuendung-canephron-frau-unterleibsschmerzen-1024x683.jpg"},{"@type":"BreadcrumbList","@id":"https:\/\/www.canephron.ch\/it\/cistite-panoramica-delle-informazioni-piu-importanti\/cistite-cause\/#breadcrumb","itemListElement":[{"@type":"ListItem","position":1,"name":"Home","item":"https:\/\/www.canephron.ch\/it\/"},{"@type":"ListItem","position":2,"name":"Cistite \u2013 Panoramica delle informazioni pi\u00f9 importanti","item":"https:\/\/www.canephron.ch\/it\/cistite-panoramica-delle-informazioni-piu-importanti\/"},{"@type":"ListItem","position":3,"name":"Cistite \u2013 Cause"}]},{"@type":"WebSite","@id":"https:\/\/www.canephron.ch\/it\/#website","url":"https:\/\/www.canephron.ch\/it\/","name":"Canephron\u00ae gegen Blasenentz\u00fcndung","description":"","publisher":{"@id":"https:\/\/www.canephron.ch\/it\/#organization"},"potentialAction":[{"@type":"SearchAction","target":{"@type":"EntryPoint","urlTemplate":"https:\/\/www.canephron.ch\/it\/?s={search_term_string}"},"query-input":{"@type":"PropertyValueSpecification","valueRequired":true,"valueName":"search_term_string"}}],"inLanguage":"it-IT"},{"@type":"Organization","@id":"https:\/\/www.canephron.ch\/it\/#organization","name":"Canephron Biomed AG","url":"https:\/\/www.canephron.ch\/it\/","logo":{"@type":"ImageObject","inLanguage":"it-IT","@id":"https:\/\/www.canephron.ch\/it\/#\/schema\/logo\/image\/","url":"https:\/\/www.canephron.ch\/wp-content\/uploads\/2025\/02\/logo.svg","contentUrl":"https:\/\/www.canephron.ch\/wp-content\/uploads\/2025\/02\/logo.svg","width":446,"height":51,"caption":"Canephron Biomed AG"},"image":{"@id":"https:\/\/www.canephron.ch\/it\/#\/schema\/logo\/image\/"}}]}},"_links":{"self":[{"href":"https:\/\/www.canephron.ch\/it\/wp-json\/wp\/v2\/pages\/10630","targetHints":{"allow":["GET"]}}],"collection":[{"href":"https:\/\/www.canephron.ch\/it\/wp-json\/wp\/v2\/pages"}],"about":[{"href":"https:\/\/www.canephron.ch\/it\/wp-json\/wp\/v2\/types\/page"}],"author":[{"embeddable":true,"href":"https:\/\/www.canephron.ch\/it\/wp-json\/wp\/v2\/users\/13"}],"replies":[{"embeddable":true,"href":"https:\/\/www.canephron.ch\/it\/wp-json\/wp\/v2\/comments?post=10630"}],"version-history":[{"count":17,"href":"https:\/\/www.canephron.ch\/it\/wp-json\/wp\/v2\/pages\/10630\/revisions"}],"predecessor-version":[{"id":10964,"href":"https:\/\/www.canephron.ch\/it\/wp-json\/wp\/v2\/pages\/10630\/revisions\/10964"}],"up":[{"embeddable":true,"href":"https:\/\/www.canephron.ch\/it\/wp-json\/wp\/v2\/pages\/10606"}],"wp:attachment":[{"href":"https:\/\/www.canephron.ch\/it\/wp-json\/wp\/v2\/media?parent=10630"}],"curies":[{"name":"wp","href":"https:\/\/api.w.org\/{rel}","templated":true}]}}