{"id":10623,"date":"2023-06-13T22:30:43","date_gmt":"2023-06-13T20:30:43","guid":{"rendered":"https:\/\/canephron.ch\/?page_id=10623"},"modified":"2023-06-21T17:28:07","modified_gmt":"2023-06-21T15:28:07","slug":"cistite-quando-rivolgersi-al-medico","status":"publish","type":"page","link":"https:\/\/www.canephron.ch\/it\/cistite-panoramica-delle-informazioni-piu-importanti\/cistite-quando-rivolgersi-al-medico\/","title":{"rendered":"Cistite \u2013 Quando rivolgersi al medico"},"content":{"rendered":"\n<style type=\"text\/css\">\n\t#featured-block_1d3ba13e4edb299f7305ce352bae9da5 {\n        \/* Add styles that use ACF values here *\/\n        height: 75vw;\n        max-height: 398px;\n        min-height: 233px;\n                            background-image: url(https:\/\/www.canephron.ch\/wp-content\/uploads\/2023\/05\/blasenenzuendung-canephron-rosa-blueten-auf-gruen-scaled.jpg);\n        \t}\n\n    @media (min-width: 700px) {\n        #featured-block_1d3ba13e4edb299f7305ce352bae9da5 {\n        height: 40vw;\n        }\n    }\n\n    @media (min-width: 1000px) {\n        #featured-block_1d3ba13e4edb299f7305ce352bae9da5 {\n        height: 28.5vw;\n        }\n    }\n\n    @media (min-width: 1400px) {\n        #featured-block_1d3ba13e4edb299f7305ce352bae9da5 {\n        height: 22vw;\n        }\n    }\n\n    @media (min-width: 1750px) {\n        #featured-block_1d3ba13e4edb299f7305ce352bae9da5 {\n        height: 18vw;\n        }\n    }\n\n    @media (min-width: 2200px) {\n        #featured-block_1d3ba13e4edb299f7305ce352bae9da5 {\n        height: 15vw;\n        }\n    }\n\n    .fully-loaded #featured-block_1d3ba13e4edb299f7305ce352bae9da5 {\n        height: auto;\n    }\n<\/style>\n\n\n\n<div id=\"featured-block_1d3ba13e4edb299f7305ce352bae9da5\" class=\"block_featured alignfull single \">\n\n    \n\t<\/div>\n\n\n\n\n\n\n\n\n<style type=\"text\/css\">\n\t#content-block_ba260ef5c4b67a594e5384bbc3116939 {\n\t\t background-color: #f7f7f7;                  padding-bottom: 50px; \t}\n\n    #content-block_ba260ef5c4b67a594e5384bbc3116939 .container {\n\t\t background-color: #ffffff;         \t                        }\n    #content-block_ba260ef5c4b67a594e5384bbc3116939 .container h2{\n         background-color: #ffffff;     }\n<\/style>\n\n\n\n\n\n\n\n\n<div id=\"content-block_ba260ef5c4b67a594e5384bbc3116939\" class=\"block_content alignfull shift_title  narrow\">\n\n\n    \n    <div class=\"container  content_shadow  \">\n        <div class=\"inner\" >\n            <h2 style=\"\">Cistite \u2013 Segnali d&#8217;allarme<\/h2>\n\n            <div class=\"content cols one\" style=\"\">\n                <div class=\"col\">\n                    <p>La cistite pu\u00f2 essere trattata efficacemente. Spesso la cistite non complicata, in assenza di fattori di rischio, non richiede nemmeno la terapia antibiotica ed \u00e8 sufficiente alleviare i fastidiosi sintomi. Tuttavia ci sono segnali d&#8217;allarme che rendono assolutamente necessario rivolgersi al medico.<\/p>\n                <\/div>\n                            <\/div>\n\n\n            \n            \n\n        <\/div>\n    <\/div>\n<\/div>\n\n\n\n\n\n\n\n<style type=\"text\/css\">\n\t#content-block_57fcebcfb818275327081e4165873684 {\n\t\t                \t}\n\n    #content-block_57fcebcfb818275327081e4165873684 .container {\n\t\t        \t     margin-bottom: 100px;                     }\n    #content-block_57fcebcfb818275327081e4165873684 .container h2{\n            }\n<\/style>\n\n\n\n\n\n\n\n\n<div id=\"content-block_57fcebcfb818275327081e4165873684\" class=\"block_content alignfull narrow\">\n\n\n    \n    <div class=\"container  \">\n        <div class=\"inner\" >\n            <h2 style=\"\">Segnali d&#8217;allarme che richiedono una visita medica:<\/h2>\n\n            <div class=\"content cols one\" style=\"\">\n                <div class=\"col\">\n                    <ul class=\"is-style-check_lines\">\n<li><strong>Peggioramento dei sintomi o assenza di miglioramento entro 3 giorni<br \/>\n<\/strong>Prevenire \u00e8 meglio che curare. Di norma i sintomi della cistite scompaiono dopo pochi giorni, anche senza trattamento. Qualora ci\u00f2 non avvenisse \u00e8 necessario escludere una diffusione dell&#8217;infezione ai reni, pertanto una visita dal medico diventa inevitabile.<\/li>\n<li><strong>Dolore a livello dei reni<br \/>\n<\/strong>Indica un&#8217;infiammazione della pelvi renale e deve essere trattato da un medico.<\/li>\n<li><strong>Forte sensazione di malessere e febbre<\/strong><br \/>\nAnche questi sintomi possono indicare che l&#8217;infezione \u00e8 risalita ai reni. In questo caso il medico prescriver\u00e0 una terapia antibiotica per contrastare l&#8217;infezione il prima possibile.<\/li>\n<li><strong>Donne in gravidanza e bambini<br \/>\n<\/strong>Sono considerati gruppi a rischio di cistite che,\u00a0in tal caso, viene considerata complicata e richiede un trattamento medico per evitare danni conseguenti.<\/li>\n<li><strong>Uomini<br \/>\n<\/strong>Avendo un&#8217;uretra molto pi\u00f9 lunga, gli uomini soffrono pi\u00f9 raramente di cistite. In caso di cistite acuta in un uomo \u00e8 sempre necessario rivolgersi al medico per indagare attentamente la causa. Oltre ai batteri atipici come fonte di infezione, dietro a questi sintomi potrebbe infatti celarsi un ingrossamento della prostata o un&#8217;altra patologia. In ogni caso \u00e8 fondamentale analizzare tempestivamente e approfonditamente i sintomi e, se necessario, mettere in atto un trattamento mirato.<\/li>\n<li><strong>Altri gruppi a rischio<br \/>\n<\/strong>In pazienti con<br \/>\n<strong>&#8211; malattie metaboliche come il diabete<\/strong>,<br \/>\n<strong>&#8211; malattie del sistema immunitario <\/strong>e<br \/>\n<strong>&#8211; ostruzione delle vie urinarie causata da malformazioni, calcoli urinari o catetere<\/strong><br \/>\nla cistite deve essere valutata attentamente dal medico in via preventiva.<strong><br \/>\n<\/strong><\/li>\n<\/ul>\n                <\/div>\n                            <\/div>\n\n\n            \n            \n\n        <\/div>\n    <\/div>\n<\/div>\n\n\n<div class=\"wp-block-group\"><div class=\"wp-block-group__inner-container is-layout-flow wp-block-group-is-layout-flow\"><\/div><\/div>\n\n\n\n<div style=\"height:100px\" aria-hidden=\"true\" class=\"wp-block-spacer\"><\/div>\n\n\n\n<style type=\"text\/css\">\n\t#why-block_fab69788e65fe146b7a323bb6d9ce897 {\n\t\t                \t}\n\n    #why-block_fab69788e65fe146b7a323bb6d9ce897 .container {\n\t\t         margin-top: -30px;          margin-bottom: 30px;             }\n<\/style>\n\n<div id=\"why-block_fab69788e65fe146b7a323bb6d9ce897\" class=\"block_why alignfull\">\n\n    \n    <div class=\"container  content_shadow  \">\n\n        <div class=\"title\">CANEPHRON<\/div>\n\n        <div class=\"icons_wrap\">\n                            \n\n                    <div class=\"ico_box\">\n                        <div class=\"icon\">\n                                                            <img decoding=\"async\" src=\"https:\/\/www.canephron.ch\/wp-content\/uploads\/2023\/05\/blasenentzuendung-dreierkombination-canephron.png\" \/>\n                                                    <\/div>\n                        <div class=\"why_label\">\n                            Combinazione <br> di tre piante                        <\/div>\n                    <\/div>\n                \n\n                    <div class=\"ico_box\">\n                        <div class=\"icon\">\n                                                            <img decoding=\"async\" src=\"https:\/\/www.canephron.ch\/wp-content\/uploads\/2023\/05\/blasenentzuendung-verordnung-frauen-canephron.png\" \/>\n                                                    <\/div>\n                        <div class=\"why_label\">\n                            Per donne <br> a partire dai 18 anni                        <\/div>\n                    <\/div>\n                \n\n                    <div class=\"ico_box\">\n                        <div class=\"icon\">\n                                                            <img decoding=\"async\" src=\"https:\/\/www.canephron.ch\/wp-content\/uploads\/2023\/05\/blasenentzuendung-dosierung-canephron-e1684333427388.png\" \/>\n                                                    <\/div>\n                        <div class=\"why_label\">\n                            Dosaggio: <br>1 compressa rivestita <br>3 volte al giorno                        <\/div>\n                    <\/div>\n                \n\n                    <div class=\"ico_box\">\n                        <div class=\"icon\">\n                                                            <img decoding=\"async\" src=\"https:\/\/www.canephron.ch\/wp-content\/uploads\/2023\/05\/blasenentzuendung-arzneimittel-canephron.png\" \/>\n                                                    <\/div>\n                        <div class=\"why_label\">\n                            Medicamento <br>Categoria di dispensazione D                        <\/div>\n                    <\/div>\n                \n\n                    <div class=\"ico_box\">\n                        <div class=\"icon\">\n                                                            <img decoding=\"async\" src=\"https:\/\/www.canephron.ch\/wp-content\/uploads\/2023\/05\/blasenentzuendung-apotheke-und-drogerie-canephron.png\" \/>\n                                                    <\/div>\n                        <div class=\"why_label\">\n                            Disponibile in farmacia                        <\/div>\n                    <\/div>\n                                    <\/div>\n\n                    <div class=\"deco deco_bottom\"><div><\/div><\/div>\n        \n    <\/div>\n\n    <\/div>\n\n\n\n<div style=\"height:100px\" aria-hidden=\"true\" class=\"wp-block-spacer\"><\/div>\n\n\n\n<figure class=\"wp-block-image alignfull size-large\"><img loading=\"lazy\" decoding=\"async\" width=\"1024\" height=\"576\" src=\"https:\/\/canephron.ch\/wp-content\/uploads\/2023\/05\/blasenentzuendung-canephron-frauen-umarmung-1024x576.jpg\" alt=\"\" class=\"wp-image-9880\" srcset=\"https:\/\/www.canephron.ch\/wp-content\/uploads\/2023\/05\/blasenentzuendung-canephron-frauen-umarmung-1024x576.jpg 1024w, https:\/\/www.canephron.ch\/wp-content\/uploads\/2023\/05\/blasenentzuendung-canephron-frauen-umarmung-300x169.jpg 300w, https:\/\/www.canephron.ch\/wp-content\/uploads\/2023\/05\/blasenentzuendung-canephron-frauen-umarmung-768x432.jpg 768w, https:\/\/www.canephron.ch\/wp-content\/uploads\/2023\/05\/blasenentzuendung-canephron-frauen-umarmung-1536x864.jpg 1536w, https:\/\/www.canephron.ch\/wp-content\/uploads\/2023\/05\/blasenentzuendung-canephron-frauen-umarmung-2048x1152.jpg 2048w, https:\/\/www.canephron.ch\/wp-content\/uploads\/2023\/05\/blasenentzuendung-canephron-frauen-umarmung-1000x562.jpg 1000w\" sizes=\"auto, (max-width: 1024px) 100vw, 1024px\" \/><\/figure>\n","protected":false},"excerpt":{"rendered":"","protected":false},"author":13,"featured_media":0,"parent":10606,"menu_order":0,"comment_status":"closed","ping_status":"closed","template":"","meta":{"_acf_changed":false,"footnotes":""},"class_list":["post-10623","page","type-page","status-publish","hentry"],"acf":[],"yoast_head":"<!-- This site is optimized with the Yoast SEO plugin v26.5 - https:\/\/yoast.com\/wordpress\/plugins\/seo\/ -->\n<title>Cistite \u2013 Quando rivolgersi al medico - Canephron<\/title>\n<meta name=\"description\" content=\"La cistite pu\u00f2 essere trattata efficacemente. Tuttavia ci sono segnali d&#039;allarme che rendono assolutamente necessario rivolgersi al medico.\" \/>\n<meta name=\"robots\" content=\"index, follow, max-snippet:-1, max-image-preview:large, max-video-preview:-1\" \/>\n<link rel=\"canonical\" href=\"https:\/\/www.canephron.ch\/it\/cistite-panoramica-delle-informazioni-piu-importanti\/cistite-quando-rivolgersi-al-medico\/\" \/>\n<meta property=\"og:locale\" content=\"it_IT\" \/>\n<meta property=\"og:type\" content=\"article\" \/>\n<meta property=\"og:title\" content=\"Cistite \u2013 Quando rivolgersi al medico - Canephron\" \/>\n<meta property=\"og:description\" content=\"La cistite pu\u00f2 essere trattata efficacemente. Tuttavia ci sono segnali d&#039;allarme che rendono assolutamente necessario rivolgersi al medico.\" \/>\n<meta property=\"og:url\" content=\"https:\/\/www.canephron.ch\/it\/cistite-panoramica-delle-informazioni-piu-importanti\/cistite-quando-rivolgersi-al-medico\/\" \/>\n<meta property=\"og:site_name\" content=\"Canephron\" \/>\n<meta property=\"article:modified_time\" content=\"2023-06-21T15:28:07+00:00\" \/>\n<meta property=\"og:image\" content=\"https:\/\/canephron.ch\/wp-content\/uploads\/2023\/05\/blasenentzuendung-canephron-frauen-umarmung-1024x576.jpg\" \/>\n<meta name=\"twitter:card\" content=\"summary_large_image\" \/>\n<meta name=\"twitter:label1\" content=\"Tempo di lettura stimato\" \/>\n\t<meta name=\"twitter:data1\" content=\"1 minuto\" \/>\n<script type=\"application\/ld+json\" class=\"yoast-schema-graph\">{\"@context\":\"https:\/\/schema.org\",\"@graph\":[{\"@type\":\"WebPage\",\"@id\":\"https:\/\/www.canephron.ch\/it\/cistite-panoramica-delle-informazioni-piu-importanti\/cistite-quando-rivolgersi-al-medico\/\",\"url\":\"https:\/\/www.canephron.ch\/it\/cistite-panoramica-delle-informazioni-piu-importanti\/cistite-quando-rivolgersi-al-medico\/\",\"name\":\"Cistite \u2013 Quando rivolgersi al medico - Canephron\",\"isPartOf\":{\"@id\":\"https:\/\/www.canephron.ch\/it\/#website\"},\"primaryImageOfPage\":{\"@id\":\"https:\/\/www.canephron.ch\/it\/cistite-panoramica-delle-informazioni-piu-importanti\/cistite-quando-rivolgersi-al-medico\/#primaryimage\"},\"image\":{\"@id\":\"https:\/\/www.canephron.ch\/it\/cistite-panoramica-delle-informazioni-piu-importanti\/cistite-quando-rivolgersi-al-medico\/#primaryimage\"},\"thumbnailUrl\":\"https:\/\/canephron.ch\/wp-content\/uploads\/2023\/05\/blasenentzuendung-canephron-frauen-umarmung-1024x576.jpg\",\"datePublished\":\"2023-06-13T20:30:43+00:00\",\"dateModified\":\"2023-06-21T15:28:07+00:00\",\"description\":\"La cistite pu\u00f2 essere trattata efficacemente. Tuttavia ci sono segnali d'allarme che rendono assolutamente necessario rivolgersi al medico.\",\"breadcrumb\":{\"@id\":\"https:\/\/www.canephron.ch\/it\/cistite-panoramica-delle-informazioni-piu-importanti\/cistite-quando-rivolgersi-al-medico\/#breadcrumb\"},\"inLanguage\":\"it-IT\",\"potentialAction\":[{\"@type\":\"ReadAction\",\"target\":[\"https:\/\/www.canephron.ch\/it\/cistite-panoramica-delle-informazioni-piu-importanti\/cistite-quando-rivolgersi-al-medico\/\"]}]},{\"@type\":\"ImageObject\",\"inLanguage\":\"it-IT\",\"@id\":\"https:\/\/www.canephron.ch\/it\/cistite-panoramica-delle-informazioni-piu-importanti\/cistite-quando-rivolgersi-al-medico\/#primaryimage\",\"url\":\"https:\/\/canephron.ch\/wp-content\/uploads\/2023\/05\/blasenentzuendung-canephron-frauen-umarmung-1024x576.jpg\",\"contentUrl\":\"https:\/\/canephron.ch\/wp-content\/uploads\/2023\/05\/blasenentzuendung-canephron-frauen-umarmung-1024x576.jpg\"},{\"@type\":\"BreadcrumbList\",\"@id\":\"https:\/\/www.canephron.ch\/it\/cistite-panoramica-delle-informazioni-piu-importanti\/cistite-quando-rivolgersi-al-medico\/#breadcrumb\",\"itemListElement\":[{\"@type\":\"ListItem\",\"position\":1,\"name\":\"Home\",\"item\":\"https:\/\/www.canephron.ch\/it\/\"},{\"@type\":\"ListItem\",\"position\":2,\"name\":\"Cistite \u2013 Panoramica delle informazioni pi\u00f9 importanti\",\"item\":\"https:\/\/www.canephron.ch\/it\/cistite-panoramica-delle-informazioni-piu-importanti\/\"},{\"@type\":\"ListItem\",\"position\":3,\"name\":\"Cistite \u2013 Quando rivolgersi al medico\"}]},{\"@type\":\"WebSite\",\"@id\":\"https:\/\/www.canephron.ch\/it\/#website\",\"url\":\"https:\/\/www.canephron.ch\/it\/\",\"name\":\"Canephron\u00ae gegen Blasenentz\u00fcndung\",\"description\":\"\",\"publisher\":{\"@id\":\"https:\/\/www.canephron.ch\/it\/#organization\"},\"potentialAction\":[{\"@type\":\"SearchAction\",\"target\":{\"@type\":\"EntryPoint\",\"urlTemplate\":\"https:\/\/www.canephron.ch\/it\/?s={search_term_string}\"},\"query-input\":{\"@type\":\"PropertyValueSpecification\",\"valueRequired\":true,\"valueName\":\"search_term_string\"}}],\"inLanguage\":\"it-IT\"},{\"@type\":\"Organization\",\"@id\":\"https:\/\/www.canephron.ch\/it\/#organization\",\"name\":\"Canephron Biomed AG\",\"url\":\"https:\/\/www.canephron.ch\/it\/\",\"logo\":{\"@type\":\"ImageObject\",\"inLanguage\":\"it-IT\",\"@id\":\"https:\/\/www.canephron.ch\/it\/#\/schema\/logo\/image\/\",\"url\":\"https:\/\/www.canephron.ch\/wp-content\/uploads\/2025\/02\/logo.svg\",\"contentUrl\":\"https:\/\/www.canephron.ch\/wp-content\/uploads\/2025\/02\/logo.svg\",\"width\":446,\"height\":51,\"caption\":\"Canephron Biomed AG\"},\"image\":{\"@id\":\"https:\/\/www.canephron.ch\/it\/#\/schema\/logo\/image\/\"}}]}<\/script>\n<!-- \/ Yoast SEO plugin. -->","yoast_head_json":{"title":"Cistite \u2013 Quando rivolgersi al medico - Canephron","description":"La cistite pu\u00f2 essere trattata efficacemente. Tuttavia ci sono segnali d'allarme che rendono assolutamente necessario rivolgersi al medico.","robots":{"index":"index","follow":"follow","max-snippet":"max-snippet:-1","max-image-preview":"max-image-preview:large","max-video-preview":"max-video-preview:-1"},"canonical":"https:\/\/www.canephron.ch\/it\/cistite-panoramica-delle-informazioni-piu-importanti\/cistite-quando-rivolgersi-al-medico\/","og_locale":"it_IT","og_type":"article","og_title":"Cistite \u2013 Quando rivolgersi al medico - Canephron","og_description":"La cistite pu\u00f2 essere trattata efficacemente. Tuttavia ci sono segnali d'allarme che rendono assolutamente necessario rivolgersi al medico.","og_url":"https:\/\/www.canephron.ch\/it\/cistite-panoramica-delle-informazioni-piu-importanti\/cistite-quando-rivolgersi-al-medico\/","og_site_name":"Canephron","article_modified_time":"2023-06-21T15:28:07+00:00","og_image":[{"url":"https:\/\/canephron.ch\/wp-content\/uploads\/2023\/05\/blasenentzuendung-canephron-frauen-umarmung-1024x576.jpg","type":"","width":"","height":""}],"twitter_card":"summary_large_image","twitter_misc":{"Tempo di lettura stimato":"1 minuto"},"schema":{"@context":"https:\/\/schema.org","@graph":[{"@type":"WebPage","@id":"https:\/\/www.canephron.ch\/it\/cistite-panoramica-delle-informazioni-piu-importanti\/cistite-quando-rivolgersi-al-medico\/","url":"https:\/\/www.canephron.ch\/it\/cistite-panoramica-delle-informazioni-piu-importanti\/cistite-quando-rivolgersi-al-medico\/","name":"Cistite \u2013 Quando rivolgersi al medico - Canephron","isPartOf":{"@id":"https:\/\/www.canephron.ch\/it\/#website"},"primaryImageOfPage":{"@id":"https:\/\/www.canephron.ch\/it\/cistite-panoramica-delle-informazioni-piu-importanti\/cistite-quando-rivolgersi-al-medico\/#primaryimage"},"image":{"@id":"https:\/\/www.canephron.ch\/it\/cistite-panoramica-delle-informazioni-piu-importanti\/cistite-quando-rivolgersi-al-medico\/#primaryimage"},"thumbnailUrl":"https:\/\/canephron.ch\/wp-content\/uploads\/2023\/05\/blasenentzuendung-canephron-frauen-umarmung-1024x576.jpg","datePublished":"2023-06-13T20:30:43+00:00","dateModified":"2023-06-21T15:28:07+00:00","description":"La cistite pu\u00f2 essere trattata efficacemente. Tuttavia ci sono segnali d'allarme che rendono assolutamente necessario rivolgersi al medico.","breadcrumb":{"@id":"https:\/\/www.canephron.ch\/it\/cistite-panoramica-delle-informazioni-piu-importanti\/cistite-quando-rivolgersi-al-medico\/#breadcrumb"},"inLanguage":"it-IT","potentialAction":[{"@type":"ReadAction","target":["https:\/\/www.canephron.ch\/it\/cistite-panoramica-delle-informazioni-piu-importanti\/cistite-quando-rivolgersi-al-medico\/"]}]},{"@type":"ImageObject","inLanguage":"it-IT","@id":"https:\/\/www.canephron.ch\/it\/cistite-panoramica-delle-informazioni-piu-importanti\/cistite-quando-rivolgersi-al-medico\/#primaryimage","url":"https:\/\/canephron.ch\/wp-content\/uploads\/2023\/05\/blasenentzuendung-canephron-frauen-umarmung-1024x576.jpg","contentUrl":"https:\/\/canephron.ch\/wp-content\/uploads\/2023\/05\/blasenentzuendung-canephron-frauen-umarmung-1024x576.jpg"},{"@type":"BreadcrumbList","@id":"https:\/\/www.canephron.ch\/it\/cistite-panoramica-delle-informazioni-piu-importanti\/cistite-quando-rivolgersi-al-medico\/#breadcrumb","itemListElement":[{"@type":"ListItem","position":1,"name":"Home","item":"https:\/\/www.canephron.ch\/it\/"},{"@type":"ListItem","position":2,"name":"Cistite \u2013 Panoramica delle informazioni pi\u00f9 importanti","item":"https:\/\/www.canephron.ch\/it\/cistite-panoramica-delle-informazioni-piu-importanti\/"},{"@type":"ListItem","position":3,"name":"Cistite \u2013 Quando rivolgersi al medico"}]},{"@type":"WebSite","@id":"https:\/\/www.canephron.ch\/it\/#website","url":"https:\/\/www.canephron.ch\/it\/","name":"Canephron\u00ae gegen Blasenentz\u00fcndung","description":"","publisher":{"@id":"https:\/\/www.canephron.ch\/it\/#organization"},"potentialAction":[{"@type":"SearchAction","target":{"@type":"EntryPoint","urlTemplate":"https:\/\/www.canephron.ch\/it\/?s={search_term_string}"},"query-input":{"@type":"PropertyValueSpecification","valueRequired":true,"valueName":"search_term_string"}}],"inLanguage":"it-IT"},{"@type":"Organization","@id":"https:\/\/www.canephron.ch\/it\/#organization","name":"Canephron Biomed AG","url":"https:\/\/www.canephron.ch\/it\/","logo":{"@type":"ImageObject","inLanguage":"it-IT","@id":"https:\/\/www.canephron.ch\/it\/#\/schema\/logo\/image\/","url":"https:\/\/www.canephron.ch\/wp-content\/uploads\/2025\/02\/logo.svg","contentUrl":"https:\/\/www.canephron.ch\/wp-content\/uploads\/2025\/02\/logo.svg","width":446,"height":51,"caption":"Canephron Biomed AG"},"image":{"@id":"https:\/\/www.canephron.ch\/it\/#\/schema\/logo\/image\/"}}]}},"_links":{"self":[{"href":"https:\/\/www.canephron.ch\/it\/wp-json\/wp\/v2\/pages\/10623","targetHints":{"allow":["GET"]}}],"collection":[{"href":"https:\/\/www.canephron.ch\/it\/wp-json\/wp\/v2\/pages"}],"about":[{"href":"https:\/\/www.canephron.ch\/it\/wp-json\/wp\/v2\/types\/page"}],"author":[{"embeddable":true,"href":"https:\/\/www.canephron.ch\/it\/wp-json\/wp\/v2\/users\/13"}],"replies":[{"embeddable":true,"href":"https:\/\/www.canephron.ch\/it\/wp-json\/wp\/v2\/comments?post=10623"}],"version-history":[{"count":8,"href":"https:\/\/www.canephron.ch\/it\/wp-json\/wp\/v2\/pages\/10623\/revisions"}],"predecessor-version":[{"id":10966,"href":"https:\/\/www.canephron.ch\/it\/wp-json\/wp\/v2\/pages\/10623\/revisions\/10966"}],"up":[{"embeddable":true,"href":"https:\/\/www.canephron.ch\/it\/wp-json\/wp\/v2\/pages\/10606"}],"wp:attachment":[{"href":"https:\/\/www.canephron.ch\/it\/wp-json\/wp\/v2\/media?parent=10623"}],"curies":[{"name":"wp","href":"https:\/\/api.w.org\/{rel}","templated":true}]}}