{"id":10614,"date":"2023-06-13T21:55:02","date_gmt":"2023-06-13T19:55:02","guid":{"rendered":"https:\/\/canephron.ch\/?page_id=10614"},"modified":"2023-06-21T17:29:15","modified_gmt":"2023-06-21T15:29:15","slug":"cistite","status":"publish","type":"page","link":"https:\/\/www.canephron.ch\/it\/cistite-panoramica-delle-informazioni-piu-importanti\/cistite\/","title":{"rendered":"Cistite"},"content":{"rendered":"\n<style type=\"text\/css\">\n\t#featured-block_bd74830d4363747fc645e1399f3e05ce {\n        \/* Add styles that use ACF values here *\/\n        height: 75vw;\n        max-height: 398px;\n        min-height: 233px;\n                            background-image: url(https:\/\/www.canephron.ch\/wp-content\/uploads\/2023\/05\/blasenentzuendung-canephron-bluete-rosa-dunkelgrau-scaled.jpg);\n        \t}\n\n    @media (min-width: 700px) {\n        #featured-block_bd74830d4363747fc645e1399f3e05ce {\n        height: 40vw;\n        }\n    }\n\n    @media (min-width: 1000px) {\n        #featured-block_bd74830d4363747fc645e1399f3e05ce {\n        height: 28.5vw;\n        }\n    }\n\n    @media (min-width: 1400px) {\n        #featured-block_bd74830d4363747fc645e1399f3e05ce {\n        height: 22vw;\n        }\n    }\n\n    @media (min-width: 1750px) {\n        #featured-block_bd74830d4363747fc645e1399f3e05ce {\n        height: 18vw;\n        }\n    }\n\n    @media (min-width: 2200px) {\n        #featured-block_bd74830d4363747fc645e1399f3e05ce {\n        height: 15vw;\n        }\n    }\n\n    .fully-loaded #featured-block_bd74830d4363747fc645e1399f3e05ce {\n        height: auto;\n    }\n<\/style>\n\n\n\n<div id=\"featured-block_bd74830d4363747fc645e1399f3e05ce\" class=\"block_featured alignfull single \">\n\n    \n\t<\/div>\n\n\n\n\n\n\n\n\n<style type=\"text\/css\">\n\t#content-block_9226a54a73ca6b47dd7f10f7ac30522a {\n\t\t background-color: #f7f7f7;                  padding-bottom: 50px; \t}\n\n    #content-block_9226a54a73ca6b47dd7f10f7ac30522a .container {\n\t\t background-color: #ffffff;         \t                        }\n    #content-block_9226a54a73ca6b47dd7f10f7ac30522a .container h2{\n         background-color: #ffffff;     }\n<\/style>\n\n\n\n\n\n\n\n\n<div id=\"content-block_9226a54a73ca6b47dd7f10f7ac30522a\" class=\"block_content alignfull shift_title  narrow\">\n\n\n    \n    <div class=\"container  content_shadow  \">\n        <div class=\"inner\" >\n            <h2 style=\"\">Cistite \u2013 Informazioni <\/h2>\n\n            <div class=\"content cols one\" style=\"\">\n                <div class=\"col\">\n                    <p>La cistite si manifesta con sintomi fastidiosi come bruciore doloroso durante la minzione e aumentato stimolo a urinare. La cistite \u00e8 generalmente causata da batteri intestinali che si addentrano nella vescica attraverso l&#8217;uretra, dove si moltiplicano e possono provocare l&#8217;infiammazione. Fortunatamente di norma la cistite non presenta complicanze e pu\u00f2 essere trattata seguendo i consigli forniti in farmacia o in drogheria.<\/p>\n                <\/div>\n                            <\/div>\n\n\n            \n            \n\n        <\/div>\n    <\/div>\n<\/div>\n\n\n<div style=\"height:100px\" aria-hidden=\"true\" class=\"wp-block-spacer\"><\/div>\n\n\n\n<div class=\"wp-block-group alignfull\"><div class=\"wp-block-group__inner-container is-layout-flow wp-block-group-is-layout-flow\">\n\n\n\n\n\n<style type=\"text\/css\">\n\t#content-block_d04bd8ac39d0cbcaf349a5024976f630 {\n\t\t                \t}\n\n    #content-block_d04bd8ac39d0cbcaf349a5024976f630 .container {\n\t\t        \t                        }\n    #content-block_d04bd8ac39d0cbcaf349a5024976f630 .container h2{\n            }\n<\/style>\n\n\n\n\n\n\n\n\n<div id=\"content-block_d04bd8ac39d0cbcaf349a5024976f630\" class=\"block_content alignfull narrow\">\n\n\n    \n    <div class=\"container  \">\n        <div class=\"inner\" >\n            <h2 style=\"\">Perch\u00e9 le donne ne soffrono con maggior frequenza?<\/h2>\n\n            <div class=\"content cols one\" style=\"\">\n                <div class=\"col\">\n                    <p>Le donne in et\u00e0 sessualmente attiva sono spesso colpite dalle infezioni delle vie urinarie. Il motivo risiede nella conformazione dell&#8217;uretra femminile, pi\u00f9 corta. Inoltre la vicinanza dello sbocco uretrale all&#8217;ano favorisce l&#8217;infezione da parte dei batteri che, attraverso la vagina, possono facilmente penetrare nelle vie urinarie e nella vescica. Anche i batteri veicolati dai rapporti sessuali riescono facilmente a risalire nella vescica, causando infezioni.<\/p>\n                <\/div>\n                            <\/div>\n\n\n            \n            \n\n        <\/div>\n    <\/div>\n<\/div><\/div><\/div>\n\n\n\n<figure class=\"wp-block-image size-large\"><img loading=\"lazy\" decoding=\"async\" width=\"1058\" height=\"562\" src=\"https:\/\/canephron.ch\/wp-content\/uploads\/2023\/06\/cistite_canephron_apparato_urinario_IT.svg\" alt=\"l'apparato urinario dell'uomo e della donna con le etichette degli organi\" class=\"wp-image-10921\"\/><\/figure>\n\n\n\n<div class=\"wp-block-group alignfull\"><div class=\"wp-block-group__inner-container is-layout-flow wp-block-group-is-layout-flow\">\n\n\n\n\n\n<style type=\"text\/css\">\n\t#content-block_df461589e87339b4ce09fac1df780fa6 {\n\t\t                \t}\n\n    #content-block_df461589e87339b4ce09fac1df780fa6 .container {\n\t\t        \t                        }\n    #content-block_df461589e87339b4ce09fac1df780fa6 .container h2{\n            }\n<\/style>\n\n\n\n\n\n\n\n\n<div id=\"content-block_df461589e87339b4ce09fac1df780fa6\" class=\"block_content alignfull narrow\">\n\n\n    \n    <div class=\"container  \">\n        <div class=\"inner\" >\n            <h2 style=\"\">Cistite ricorrente <\/h2>\n\n            <div class=\"content cols one\" style=\"\">\n                <div class=\"col\">\n                    <p>Se una paziente viene colpita da infezione batterica alla vescica pi\u00f9 di due volte in un semestre o tre volte in un anno si parla di cistite ricorrente (recidivante). Ne soffre una donna su quattro. A causa delle continue infezioni le mucose delle vie urinarie sono spesso molto irritate, il che pu\u00f2 favorire una nuova penetrazione dei germi.<\/p>\n<p>Possibili fattori di rischio per la cistite ricorrente:<\/p>\n<ul>\n<li>disturbi metabolici come per es. il diabete<\/li>\n<li>calcoli renali e vescicali<\/li>\n<li>vie urinarie ristrette<\/li>\n<li>sistema immunitario indebolito, per es. a causa di un raffreddore, ma anche in periodi di stress<\/li>\n<li>cambiamenti ormonali, come per es. durante la menopausa<\/li>\n<li>infezioni ginecologiche<\/li>\n<\/ul>\n<p>&nbsp;<\/p>\n<p>Se soffrite ripetutamente di infezioni delle vie urinarie, dovreste sottoporvi a un controllo medico approfondito. Spesso altre malattie possono favorire la comparsa della cistite.<\/p>\n                <\/div>\n                            <\/div>\n\n\n            \n            \n\n        <\/div>\n    <\/div>\n<\/div><\/div><\/div>\n\n\n\n<style type=\"text\/css\">\n    #grid-block_b72bb776bf48fe6e1470c85f3aebb2ac {\n\t\t                \t}\n\n    #grid-block_b72bb776bf48fe6e1470c85f3aebb2ac .container {\n\t\t                        \n    }\n\n<\/style>\n\n\n\n\n\n\n\n\n<div id=\"grid-block_b72bb776bf48fe6e1470c85f3aebb2ac\" class=\"block_grid_wrap alignfull full \">\n\n    \n    <div class=\"container \">\n        <div class=\"box_wrap\">\n\n            <style type=\"text\/css\">\n                #grid-block_b72bb776bf48fe6e1470c85f3aebb2ac .box_left {\n                     background-color: #963cbd;                      color: #ffffff; \n                                    }\n\n                #grid-block_b72bb776bf48fe6e1470c85f3aebb2ac .box_left a{\n                     color: #ffffff;                 }\n            <\/style>\n\n\n                            <div class=\"box box_left text\"><div class=\"inner\">\n                    <h2 style=\" color: #ffffff; \">\n                        Soggetti a rischio                     <\/h2>\n                    <p>Oltre alle donne giovani e per il resto sane, possono incorrere nella cistite anche altri soggetti con fattori di rischio. Tra i soggetti a rischio figurano donne in gravidanza, bambini e persone vulnerabili con determinate patologie preesistenti, come per es. il diabete e le immunodeficienze. Poich\u00e9 in queste persone i sintomi non scompaiono da soli in breve tempo, \u00e8 sempre necessario ricorrere alla consulenza e al trattamento di un medico. Gli uomini che sospettano una cistite devono sempre consultare un medico, poich\u00e9 per loro il decorso della malattia \u00e8 spesso pi\u00f9 complicato.<\/p>\n\n\n\n                \n                                <p class=\"text-center\">\n                    <a href=\"https:\/\/canephron.ch\/it\/cistite-panoramica-delle-informazioni-piu-importanti\/cistite-cause\/\" class=\"btn light \">\n                        <span class=\"text\" style=\"\" >Per saperne di pi\u00f9<\/span>\n                        <span class=\"btnarrow\"><\/span>\n                    <\/a>\n                <\/p>\n                \n                <\/div><\/div> <!-- box text -->\n\n            \n            <style type=\"text\/css\">\n                #grid-block_b72bb776bf48fe6e1470c85f3aebb2ac .box_right {\n                                        \n                                    }\n                #grid-block_b72bb776bf48fe6e1470c85f3aebb2ac .box_right a{\n                                    }\n            <\/style>\n\n\n                                                            <div class=\"box box_right image\" style=\"background-image: url(https:\/\/www.canephron.ch\/wp-content\/uploads\/2023\/05\/blasenentzuendung-canephron-frau-bauchkraempfe-bett-waermflasche-scaled.jpg);\">\n                    <img decoding=\"async\" src=\"https:\/\/www.canephron.ch\/wp-content\/uploads\/2023\/05\/blasenentzuendung-canephron-frau-bauchkraempfe-bett-waermflasche-scaled.jpg\" alt=\"Ein Bild einer jungen Frau, welche im Bett liegt und von Bauchkr\u00e4mpfen geplagt wird.\" \/>\n                <\/div>\n                \n                                <\/div>\n    <\/div>\n<\/div>\n\n\n\n\n\n\n<div style=\"height:100px\" aria-hidden=\"true\" class=\"wp-block-spacer\"><\/div>\n\n\n\n<style type=\"text\/css\">\n\t#why-block_327225d5315ebd0b1a8bfb1435f51755 {\n\t\t                \t}\n\n    #why-block_327225d5315ebd0b1a8bfb1435f51755 .container {\n\t\t         margin-top: -30px;          margin-bottom: 30px;             }\n<\/style>\n\n<div id=\"why-block_327225d5315ebd0b1a8bfb1435f51755\" class=\"block_why alignfull\">\n\n    \n    <div class=\"container  content_shadow  \">\n\n        <div class=\"title\">CANEPHRON<\/div>\n\n        <div class=\"icons_wrap\">\n                            \n\n                    <div class=\"ico_box\">\n                        <div class=\"icon\">\n                                                            <img decoding=\"async\" src=\"https:\/\/www.canephron.ch\/wp-content\/uploads\/2023\/05\/blasenentzuendung-dreierkombination-canephron.png\" \/>\n                                                    <\/div>\n                        <div class=\"why_label\">\n                            Combinazione <br> di tre piante                        <\/div>\n                    <\/div>\n                \n\n                    <div class=\"ico_box\">\n                        <div class=\"icon\">\n                                                            <img decoding=\"async\" src=\"https:\/\/www.canephron.ch\/wp-content\/uploads\/2023\/05\/blasenentzuendung-verordnung-frauen-canephron.png\" \/>\n                                                    <\/div>\n                        <div class=\"why_label\">\n                            Per donne <br> a partire dai 18 anni                        <\/div>\n                    <\/div>\n                \n\n                    <div class=\"ico_box\">\n                        <div class=\"icon\">\n                                                            <img decoding=\"async\" src=\"https:\/\/www.canephron.ch\/wp-content\/uploads\/2023\/05\/blasenentzuendung-dosierung-canephron-e1684333427388.png\" \/>\n                                                    <\/div>\n                        <div class=\"why_label\">\n                            Dosaggio: <br>1 compressa rivestita <br>3 volte al giorno                        <\/div>\n                    <\/div>\n                \n\n                    <div class=\"ico_box\">\n                        <div class=\"icon\">\n                                                            <img decoding=\"async\" src=\"https:\/\/www.canephron.ch\/wp-content\/uploads\/2023\/05\/blasenentzuendung-arzneimittel-canephron.png\" \/>\n                                                    <\/div>\n                        <div class=\"why_label\">\n                            Medicamento <br>Categoria di dispensazione D                        <\/div>\n                    <\/div>\n                \n\n                    <div class=\"ico_box\">\n                        <div class=\"icon\">\n                                                            <img decoding=\"async\" src=\"https:\/\/www.canephron.ch\/wp-content\/uploads\/2023\/05\/blasenentzuendung-apotheke-und-drogerie-canephron.png\" \/>\n                                                    <\/div>\n                        <div class=\"why_label\">\n                            Disponibile in farmacia                        <\/div>\n                    <\/div>\n                                    <\/div>\n\n                    <div class=\"deco deco_bottom\"><div><\/div><\/div>\n        \n    <\/div>\n\n    <\/div>\n\n\n\n<div style=\"height:100px\" aria-hidden=\"true\" class=\"wp-block-spacer\"><\/div>\n\n\n\n<figure class=\"wp-block-image alignfull size-full\"><img loading=\"lazy\" decoding=\"async\" width=\"2560\" height=\"1709\" src=\"https:\/\/canephron.ch\/wp-content\/uploads\/2022\/06\/gynenov-fullbild-footer-11-scaled.jpg\" alt=\"Eine \u00e4ltere lachende Frau mit kurzen Haaren auf einem Sessel, mit dem Blick nach rechts\" class=\"wp-image-5222\" srcset=\"https:\/\/www.canephron.ch\/wp-content\/uploads\/2022\/06\/gynenov-fullbild-footer-11-scaled.jpg 2560w, https:\/\/www.canephron.ch\/wp-content\/uploads\/2022\/06\/gynenov-fullbild-footer-11-300x200.jpg 300w, https:\/\/www.canephron.ch\/wp-content\/uploads\/2022\/06\/gynenov-fullbild-footer-11-1024x684.jpg 1024w, https:\/\/www.canephron.ch\/wp-content\/uploads\/2022\/06\/gynenov-fullbild-footer-11-768x513.jpg 768w, https:\/\/www.canephron.ch\/wp-content\/uploads\/2022\/06\/gynenov-fullbild-footer-11-1536x1025.jpg 1536w, https:\/\/www.canephron.ch\/wp-content\/uploads\/2022\/06\/gynenov-fullbild-footer-11-2048x1367.jpg 2048w, https:\/\/www.canephron.ch\/wp-content\/uploads\/2022\/06\/gynenov-fullbild-footer-11-1000x668.jpg 1000w\" sizes=\"auto, (max-width: 2560px) 100vw, 2560px\" \/><\/figure>\n","protected":false},"excerpt":{"rendered":"","protected":false},"author":13,"featured_media":0,"parent":10606,"menu_order":0,"comment_status":"closed","ping_status":"closed","template":"","meta":{"_acf_changed":false,"footnotes":""},"class_list":["post-10614","page","type-page","status-publish","hentry"],"acf":[],"yoast_head":"<!-- This site is optimized with the Yoast SEO plugin v26.5 - https:\/\/yoast.com\/wordpress\/plugins\/seo\/ -->\n<title>Cistite - Canephron<\/title>\n<meta name=\"description\" content=\"La cistite si manifesta con sintomi fastidiosi come bruciore doloroso durante la minzione e aumentato stimolo a urinare. | Canephron\u00ae\" \/>\n<meta name=\"robots\" content=\"index, follow, max-snippet:-1, max-image-preview:large, max-video-preview:-1\" \/>\n<link rel=\"canonical\" href=\"https:\/\/www.canephron.ch\/it\/cistite-panoramica-delle-informazioni-piu-importanti\/cistite\/\" \/>\n<meta property=\"og:locale\" content=\"it_IT\" \/>\n<meta property=\"og:type\" content=\"article\" \/>\n<meta property=\"og:title\" content=\"Cistite - Canephron\" \/>\n<meta property=\"og:description\" content=\"La cistite si manifesta con sintomi fastidiosi come bruciore doloroso durante la minzione e aumentato stimolo a urinare. | Canephron\u00ae\" \/>\n<meta property=\"og:url\" content=\"https:\/\/www.canephron.ch\/it\/cistite-panoramica-delle-informazioni-piu-importanti\/cistite\/\" \/>\n<meta property=\"og:site_name\" content=\"Canephron\" \/>\n<meta property=\"article:modified_time\" content=\"2023-06-21T15:29:15+00:00\" \/>\n<meta property=\"og:image\" content=\"https:\/\/canephron.ch\/wp-content\/uploads\/2023\/06\/cistite_canephron_apparato_urinario_IT.svg\" \/>\n<meta name=\"twitter:card\" content=\"summary_large_image\" \/>\n<meta name=\"twitter:label1\" content=\"Tempo di lettura stimato\" \/>\n\t<meta name=\"twitter:data1\" content=\"1 minuto\" \/>\n<script type=\"application\/ld+json\" class=\"yoast-schema-graph\">{\"@context\":\"https:\/\/schema.org\",\"@graph\":[{\"@type\":\"WebPage\",\"@id\":\"https:\/\/www.canephron.ch\/it\/cistite-panoramica-delle-informazioni-piu-importanti\/cistite\/\",\"url\":\"https:\/\/www.canephron.ch\/it\/cistite-panoramica-delle-informazioni-piu-importanti\/cistite\/\",\"name\":\"Cistite - Canephron\",\"isPartOf\":{\"@id\":\"https:\/\/www.canephron.ch\/it\/#website\"},\"primaryImageOfPage\":{\"@id\":\"https:\/\/www.canephron.ch\/it\/cistite-panoramica-delle-informazioni-piu-importanti\/cistite\/#primaryimage\"},\"image\":{\"@id\":\"https:\/\/www.canephron.ch\/it\/cistite-panoramica-delle-informazioni-piu-importanti\/cistite\/#primaryimage\"},\"thumbnailUrl\":\"https:\/\/canephron.ch\/wp-content\/uploads\/2023\/06\/cistite_canephron_apparato_urinario_IT.svg\",\"datePublished\":\"2023-06-13T19:55:02+00:00\",\"dateModified\":\"2023-06-21T15:29:15+00:00\",\"description\":\"La cistite si manifesta con sintomi fastidiosi come bruciore doloroso durante la minzione e aumentato stimolo a urinare. | Canephron\u00ae\",\"breadcrumb\":{\"@id\":\"https:\/\/www.canephron.ch\/it\/cistite-panoramica-delle-informazioni-piu-importanti\/cistite\/#breadcrumb\"},\"inLanguage\":\"it-IT\",\"potentialAction\":[{\"@type\":\"ReadAction\",\"target\":[\"https:\/\/www.canephron.ch\/it\/cistite-panoramica-delle-informazioni-piu-importanti\/cistite\/\"]}]},{\"@type\":\"ImageObject\",\"inLanguage\":\"it-IT\",\"@id\":\"https:\/\/www.canephron.ch\/it\/cistite-panoramica-delle-informazioni-piu-importanti\/cistite\/#primaryimage\",\"url\":\"https:\/\/canephron.ch\/wp-content\/uploads\/2023\/06\/cistite_canephron_apparato_urinario_IT.svg\",\"contentUrl\":\"https:\/\/canephron.ch\/wp-content\/uploads\/2023\/06\/cistite_canephron_apparato_urinario_IT.svg\"},{\"@type\":\"BreadcrumbList\",\"@id\":\"https:\/\/www.canephron.ch\/it\/cistite-panoramica-delle-informazioni-piu-importanti\/cistite\/#breadcrumb\",\"itemListElement\":[{\"@type\":\"ListItem\",\"position\":1,\"name\":\"Home\",\"item\":\"https:\/\/www.canephron.ch\/it\/\"},{\"@type\":\"ListItem\",\"position\":2,\"name\":\"Cistite \u2013 Panoramica delle informazioni pi\u00f9 importanti\",\"item\":\"https:\/\/www.canephron.ch\/it\/cistite-panoramica-delle-informazioni-piu-importanti\/\"},{\"@type\":\"ListItem\",\"position\":3,\"name\":\"Cistite\"}]},{\"@type\":\"WebSite\",\"@id\":\"https:\/\/www.canephron.ch\/it\/#website\",\"url\":\"https:\/\/www.canephron.ch\/it\/\",\"name\":\"Canephron\u00ae gegen Blasenentz\u00fcndung\",\"description\":\"\",\"publisher\":{\"@id\":\"https:\/\/www.canephron.ch\/it\/#organization\"},\"potentialAction\":[{\"@type\":\"SearchAction\",\"target\":{\"@type\":\"EntryPoint\",\"urlTemplate\":\"https:\/\/www.canephron.ch\/it\/?s={search_term_string}\"},\"query-input\":{\"@type\":\"PropertyValueSpecification\",\"valueRequired\":true,\"valueName\":\"search_term_string\"}}],\"inLanguage\":\"it-IT\"},{\"@type\":\"Organization\",\"@id\":\"https:\/\/www.canephron.ch\/it\/#organization\",\"name\":\"Canephron Biomed AG\",\"url\":\"https:\/\/www.canephron.ch\/it\/\",\"logo\":{\"@type\":\"ImageObject\",\"inLanguage\":\"it-IT\",\"@id\":\"https:\/\/www.canephron.ch\/it\/#\/schema\/logo\/image\/\",\"url\":\"https:\/\/www.canephron.ch\/wp-content\/uploads\/2025\/02\/logo.svg\",\"contentUrl\":\"https:\/\/www.canephron.ch\/wp-content\/uploads\/2025\/02\/logo.svg\",\"width\":446,\"height\":51,\"caption\":\"Canephron Biomed AG\"},\"image\":{\"@id\":\"https:\/\/www.canephron.ch\/it\/#\/schema\/logo\/image\/\"}}]}<\/script>\n<!-- \/ Yoast SEO plugin. -->","yoast_head_json":{"title":"Cistite - Canephron","description":"La cistite si manifesta con sintomi fastidiosi come bruciore doloroso durante la minzione e aumentato stimolo a urinare. | Canephron\u00ae","robots":{"index":"index","follow":"follow","max-snippet":"max-snippet:-1","max-image-preview":"max-image-preview:large","max-video-preview":"max-video-preview:-1"},"canonical":"https:\/\/www.canephron.ch\/it\/cistite-panoramica-delle-informazioni-piu-importanti\/cistite\/","og_locale":"it_IT","og_type":"article","og_title":"Cistite - Canephron","og_description":"La cistite si manifesta con sintomi fastidiosi come bruciore doloroso durante la minzione e aumentato stimolo a urinare. | Canephron\u00ae","og_url":"https:\/\/www.canephron.ch\/it\/cistite-panoramica-delle-informazioni-piu-importanti\/cistite\/","og_site_name":"Canephron","article_modified_time":"2023-06-21T15:29:15+00:00","og_image":[{"url":"https:\/\/canephron.ch\/wp-content\/uploads\/2023\/06\/cistite_canephron_apparato_urinario_IT.svg","type":"","width":"","height":""}],"twitter_card":"summary_large_image","twitter_misc":{"Tempo di lettura stimato":"1 minuto"},"schema":{"@context":"https:\/\/schema.org","@graph":[{"@type":"WebPage","@id":"https:\/\/www.canephron.ch\/it\/cistite-panoramica-delle-informazioni-piu-importanti\/cistite\/","url":"https:\/\/www.canephron.ch\/it\/cistite-panoramica-delle-informazioni-piu-importanti\/cistite\/","name":"Cistite - Canephron","isPartOf":{"@id":"https:\/\/www.canephron.ch\/it\/#website"},"primaryImageOfPage":{"@id":"https:\/\/www.canephron.ch\/it\/cistite-panoramica-delle-informazioni-piu-importanti\/cistite\/#primaryimage"},"image":{"@id":"https:\/\/www.canephron.ch\/it\/cistite-panoramica-delle-informazioni-piu-importanti\/cistite\/#primaryimage"},"thumbnailUrl":"https:\/\/canephron.ch\/wp-content\/uploads\/2023\/06\/cistite_canephron_apparato_urinario_IT.svg","datePublished":"2023-06-13T19:55:02+00:00","dateModified":"2023-06-21T15:29:15+00:00","description":"La cistite si manifesta con sintomi fastidiosi come bruciore doloroso durante la minzione e aumentato stimolo a urinare. | Canephron\u00ae","breadcrumb":{"@id":"https:\/\/www.canephron.ch\/it\/cistite-panoramica-delle-informazioni-piu-importanti\/cistite\/#breadcrumb"},"inLanguage":"it-IT","potentialAction":[{"@type":"ReadAction","target":["https:\/\/www.canephron.ch\/it\/cistite-panoramica-delle-informazioni-piu-importanti\/cistite\/"]}]},{"@type":"ImageObject","inLanguage":"it-IT","@id":"https:\/\/www.canephron.ch\/it\/cistite-panoramica-delle-informazioni-piu-importanti\/cistite\/#primaryimage","url":"https:\/\/canephron.ch\/wp-content\/uploads\/2023\/06\/cistite_canephron_apparato_urinario_IT.svg","contentUrl":"https:\/\/canephron.ch\/wp-content\/uploads\/2023\/06\/cistite_canephron_apparato_urinario_IT.svg"},{"@type":"BreadcrumbList","@id":"https:\/\/www.canephron.ch\/it\/cistite-panoramica-delle-informazioni-piu-importanti\/cistite\/#breadcrumb","itemListElement":[{"@type":"ListItem","position":1,"name":"Home","item":"https:\/\/www.canephron.ch\/it\/"},{"@type":"ListItem","position":2,"name":"Cistite \u2013 Panoramica delle informazioni pi\u00f9 importanti","item":"https:\/\/www.canephron.ch\/it\/cistite-panoramica-delle-informazioni-piu-importanti\/"},{"@type":"ListItem","position":3,"name":"Cistite"}]},{"@type":"WebSite","@id":"https:\/\/www.canephron.ch\/it\/#website","url":"https:\/\/www.canephron.ch\/it\/","name":"Canephron\u00ae gegen Blasenentz\u00fcndung","description":"","publisher":{"@id":"https:\/\/www.canephron.ch\/it\/#organization"},"potentialAction":[{"@type":"SearchAction","target":{"@type":"EntryPoint","urlTemplate":"https:\/\/www.canephron.ch\/it\/?s={search_term_string}"},"query-input":{"@type":"PropertyValueSpecification","valueRequired":true,"valueName":"search_term_string"}}],"inLanguage":"it-IT"},{"@type":"Organization","@id":"https:\/\/www.canephron.ch\/it\/#organization","name":"Canephron Biomed AG","url":"https:\/\/www.canephron.ch\/it\/","logo":{"@type":"ImageObject","inLanguage":"it-IT","@id":"https:\/\/www.canephron.ch\/it\/#\/schema\/logo\/image\/","url":"https:\/\/www.canephron.ch\/wp-content\/uploads\/2025\/02\/logo.svg","contentUrl":"https:\/\/www.canephron.ch\/wp-content\/uploads\/2025\/02\/logo.svg","width":446,"height":51,"caption":"Canephron Biomed AG"},"image":{"@id":"https:\/\/www.canephron.ch\/it\/#\/schema\/logo\/image\/"}}]}},"_links":{"self":[{"href":"https:\/\/www.canephron.ch\/it\/wp-json\/wp\/v2\/pages\/10614","targetHints":{"allow":["GET"]}}],"collection":[{"href":"https:\/\/www.canephron.ch\/it\/wp-json\/wp\/v2\/pages"}],"about":[{"href":"https:\/\/www.canephron.ch\/it\/wp-json\/wp\/v2\/types\/page"}],"author":[{"embeddable":true,"href":"https:\/\/www.canephron.ch\/it\/wp-json\/wp\/v2\/users\/13"}],"replies":[{"embeddable":true,"href":"https:\/\/www.canephron.ch\/it\/wp-json\/wp\/v2\/comments?post=10614"}],"version-history":[{"count":9,"href":"https:\/\/www.canephron.ch\/it\/wp-json\/wp\/v2\/pages\/10614\/revisions"}],"predecessor-version":[{"id":10968,"href":"https:\/\/www.canephron.ch\/it\/wp-json\/wp\/v2\/pages\/10614\/revisions\/10968"}],"up":[{"embeddable":true,"href":"https:\/\/www.canephron.ch\/it\/wp-json\/wp\/v2\/pages\/10606"}],"wp:attachment":[{"href":"https:\/\/www.canephron.ch\/it\/wp-json\/wp\/v2\/media?parent=10614"}],"curies":[{"name":"wp","href":"https:\/\/api.w.org\/{rel}","templated":true}]}}