{"id":10515,"date":"2023-06-12T15:02:23","date_gmt":"2023-06-12T13:02:23","guid":{"rendered":"https:\/\/canephron.ch\/?page_id=10515"},"modified":"2024-08-16T18:40:08","modified_gmt":"2024-08-16T16:40:08","slug":"a-propos-de-canephron","status":"publish","type":"page","link":"https:\/\/www.canephron.ch\/fr\/a-propos-de-canephron\/","title":{"rendered":"\u00c0 propos de Canephron"},"content":{"rendered":"\n<style type=\"text\/css\">\n\t#featured-block_cf39bf2c1c34d531e52c7354102939ff {\n        \/* Add styles that use ACF values here *\/\n        height: 75vw;\n        max-height: 398px;\n        min-height: 233px;\n                            background-image: url(https:\/\/www.canephron.ch\/wp-content\/uploads\/2023\/05\/blasenentzuendung-canephron-rosa-blume-teller-scaled.jpg);\n        \t}\n\n    @media (min-width: 700px) {\n        #featured-block_cf39bf2c1c34d531e52c7354102939ff {\n        height: 40vw;\n        }\n    }\n\n    @media (min-width: 1000px) {\n        #featured-block_cf39bf2c1c34d531e52c7354102939ff {\n        height: 28.5vw;\n        }\n    }\n\n    @media (min-width: 1400px) {\n        #featured-block_cf39bf2c1c34d531e52c7354102939ff {\n        height: 22vw;\n        }\n    }\n\n    @media (min-width: 1750px) {\n        #featured-block_cf39bf2c1c34d531e52c7354102939ff {\n        height: 18vw;\n        }\n    }\n\n    @media (min-width: 2200px) {\n        #featured-block_cf39bf2c1c34d531e52c7354102939ff {\n        height: 15vw;\n        }\n    }\n\n    .fully-loaded #featured-block_cf39bf2c1c34d531e52c7354102939ff {\n        height: auto;\n    }\n<\/style>\n\n\n\n<div id=\"featured-block_cf39bf2c1c34d531e52c7354102939ff\" class=\"block_featured alignfull single \">\n\n    \n\t<\/div>\n\n\n\n<div class=\"wp-block-group alignfull\"><div class=\"wp-block-group__inner-container is-layout-flow wp-block-group-is-layout-flow\">\n\n\n\n\n\n<style type=\"text\/css\">\n\t#content-block_d390f13984f0139013d1b417637beaf3 {\n\t\t background-color: #f7f7f7;                  padding-bottom: 50px; \t}\n\n    #content-block_d390f13984f0139013d1b417637beaf3 .container {\n\t\t background-color: #ffffff;         \t                        }\n    #content-block_d390f13984f0139013d1b417637beaf3 .container h2{\n         background-color: #ffffff;     }\n<\/style>\n\n\n\n\n\n\n\n\n<div id=\"content-block_d390f13984f0139013d1b417637beaf3\" class=\"block_content alignfull shift_title  narrow\">\n\n\n    \n    <div class=\"container  content_shadow  \">\n        <div class=\"inner\" >\n            <h2 style=\"\">Qu&rsquo;est-ce que Canephron et quand doit-il \u00eatre utilis\u00e9? <\/h2>\n\n            <div class=\"content cols one\" style=\"\">\n                <div class=\"col\">\n                    <p>Canephron est un m\u00e9dicament traditionnel phytoth\u00e9rapeutique et contient une combinaison \u00e9prouv\u00e9e de plantes: feuilles de romarin, petite centaur\u00e9e et racine de liv\u00e8che. Il est traditionnellement utilis\u00e9 pour le traitement de soutien ainsi qu\u2019en compl\u00e9ment de mesures sp\u00e9cifiques en cas de sympt\u00f4mes l\u00e9gers (sensation de br\u00fblure \u00e0 la miction, besoin urgent d\u2019uriner et mictions fr\u00e9quentes) dans le cadre d\u2019infections non compliqu\u00e9es des voies urinaires basses chez la femme, \u00e0 condition que la pr\u00e9sence d\u2019une \u00e9ventuelle maladie grave ait pu \u00eatre \u00e9cart\u00e9e par un sp\u00e9cialiste.<\/p>\n                <\/div>\n                            <\/div>\n\n\n            \n            \n\n        <\/div>\n    <\/div>\n<\/div><\/div><\/div>\n\n\n\n<div class=\"wp-block-group alignfull\"><div class=\"wp-block-group__inner-container is-layout-flow wp-block-group-is-layout-flow\">\n<style type=\"text\/css\">\n    #grid-block_56255a30ad968149aab78f7e73e737a6 {\n\t\t background-color: #f7f7f7;                 \t}\n\n    #grid-block_56255a30ad968149aab78f7e73e737a6 .container {\n\t\t         margin-top: -20px;                 \n    }\n\n<\/style>\n\n\n\n\n\n\n\n\n<div id=\"grid-block_56255a30ad968149aab78f7e73e737a6\" class=\"block_grid_wrap alignfull full \">\n\n    \n    <div class=\"container  content_shadow \">\n        <div class=\"box_wrap\">\n\n            <style type=\"text\/css\">\n                #grid-block_56255a30ad968149aab78f7e73e737a6 .box_left {\n                                        \n                                    }\n\n                #grid-block_56255a30ad968149aab78f7e73e737a6 .box_left a{\n                                    }\n            <\/style>\n\n\n                                                            <div class=\"box box_left image\" style=\"background-image: url(https:\/\/www.canephron.ch\/wp-content\/uploads\/2023\/05\/blasenentzuendung-canephron-packshot-mit-pflanzen-scaled.jpg);\">\n                    <img decoding=\"async\" src=\"https:\/\/www.canephron.ch\/wp-content\/uploads\/2023\/05\/blasenentzuendung-canephron-packshot-mit-pflanzen-scaled.jpg\" alt=\"Canephron Verpackung von Vorne und im Hintergrund sind Pflanzen \" \/>\n                <\/div>\n                \n            \n            <style type=\"text\/css\">\n                #grid-block_56255a30ad968149aab78f7e73e737a6 .box_right {\n                     background-color: #963cbd;                      color: #ffffff; \n                                    }\n                #grid-block_56255a30ad968149aab78f7e73e737a6 .box_right a{\n                     color: #ffffff;                 }\n            <\/style>\n\n\n                            <div class=\"box box_right text\"><div class=\"inner\">\n                    <h2 style=\" color: #ffffff; \">\n                        O\u00f9 Canephron est-il disponible et comment faut-il l\u2019utiliser?                    <\/h2>\n                    <p>Les adultes et adolescents \u00e0 partir de 12\u00a0ans prennent trois fois par jour (matin, midi, soir) 1\u00a0comprim\u00e9 enrob\u00e9 sans m\u00e2cher avec un peu de liquide (p. ex. un verre d\u2019eau). Chez les adolescents de 12 \u00e0 18\u00a0ans, Canephron ne peut \u00eatre pris que sur prescription m\u00e9dicale. Canephron ne doit pas \u00eatre utilis\u00e9 chez les enfants \u00e2g\u00e9s de moins de 12\u00a0ans.<\/p>\n<p>Pour compl\u00e9ter le traitement, il est conseill\u00e9 de boire suffisamment durant la prise du m\u00e9dicament.<\/p>\n<p>Ce m\u00e9dicament ne doit pas \u00eatre utilis\u00e9 en autom\u00e9dication pendant plus de 2 semaines. Les maladies graves (p. ex. inflammation du bassinet) doivent \u00eatre \u00e9cart\u00e9es par un m\u00e9decin. Si les sympt\u00f4mes s\u2019aggravent ou si aucune am\u00e9lioration ne se produit apr\u00e8s 3 jours, veuillez consulter votre m\u00e9decin.<\/p>\n<p><strong>\u00a0<\/strong><\/p>\n<p>Ceci est un m\u00e9dicament autoris\u00e9. Lisez la <a href=\"https:\/\/swissmedicinfo.ch\/showText.aspx?textType=PI&amp;lang=FR&amp;authNr=67419&amp;supportMultipleResults=1\" rel=\"noopener\" target=\"_blank\">notice d\u2019emballage<\/a>.<\/p>\n<p>Disponible d\u00e8s 18\u00a0ans sans ordonnance dans les pharmacies et drogueries.<\/p>\n\n\n\n                \n                \n                <\/div><\/div> <!-- box text -->\n\n                                <\/div>\n    <\/div>\n<\/div>\n\n\n\n<\/div><\/div>\n\n\n\n<div class=\"wp-block-group alignfull\"><div class=\"wp-block-group__inner-container is-layout-flow wp-block-group-is-layout-flow\"><\/div><\/div>\n\n\n\n<div style=\"height:100px\" aria-hidden=\"true\" class=\"wp-block-spacer\"><\/div>\n\n\n\n<div style=\"height:100px\" aria-hidden=\"true\" class=\"wp-block-spacer\"><\/div>\n\n\n\n<style type=\"text\/css\">\n\t#why-block_c3d9c216d520880df18004e76605edb3 {\n\t\t                \t}\n\n    #why-block_c3d9c216d520880df18004e76605edb3 .container {\n\t\t         margin-top: -30px;          margin-bottom: 30px;             }\n<\/style>\n\n<div id=\"why-block_c3d9c216d520880df18004e76605edb3\" class=\"block_why alignfull\">\n\n    \n    <div class=\"container  content_shadow  \">\n\n        <div class=\"title\">Canephron<\/div>\n\n        <div class=\"icons_wrap\">\n                            \n\n                    <div class=\"ico_box\">\n                        <div class=\"icon\">\n                                                            <img decoding=\"async\" src=\"https:\/\/www.canephron.ch\/wp-content\/uploads\/2023\/05\/blasenentzuendung-dreierkombination-canephron.png\" \/>\n                                                    <\/div>\n                        <div class=\"why_label\">\n                            Triple combinaison <br>de plantes                        <\/div>\n                    <\/div>\n                \n\n                    <div class=\"ico_box\">\n                        <div class=\"icon\">\n                                                            <img decoding=\"async\" src=\"https:\/\/www.canephron.ch\/wp-content\/uploads\/2023\/05\/blasenentzuendung-verordnung-frauen-canephron.png\" \/>\n                                                    <\/div>\n                        <div class=\"why_label\">\n                            Pour les femmes <br> \u00e0 partir de 18 ans                        <\/div>\n                    <\/div>\n                \n\n                    <div class=\"ico_box\">\n                        <div class=\"icon\">\n                                                            <img decoding=\"async\" src=\"https:\/\/www.canephron.ch\/wp-content\/uploads\/2023\/05\/blasenentzuendung-dosierung-canephron-e1684333427388.png\" \/>\n                                                    <\/div>\n                        <div class=\"why_label\">\n                            Dosage: <br> 3 fois par jour <br> 1 comprim\u00e9 enrob\u00e9                        <\/div>\n                    <\/div>\n                \n\n                    <div class=\"ico_box\">\n                        <div class=\"icon\">\n                                                            <img decoding=\"async\" src=\"https:\/\/www.canephron.ch\/wp-content\/uploads\/2023\/05\/blasenentzuendung-arzneimittel-canephron.png\" \/>\n                                                    <\/div>\n                        <div class=\"why_label\">\n                            M\u00e9dicament <br>cat\u00e9gorie de remise D                        <\/div>\n                    <\/div>\n                \n\n                    <div class=\"ico_box\">\n                        <div class=\"icon\">\n                                                            <img decoding=\"async\" src=\"https:\/\/www.canephron.ch\/wp-content\/uploads\/2023\/05\/blasenentzuendung-apotheke-und-drogerie-canephron.png\" \/>\n                                                    <\/div>\n                        <div class=\"why_label\">\n                            Disponible dans les pharmacies et drogueries                        <\/div>\n                    <\/div>\n                                    <\/div>\n\n                    <div class=\"deco deco_bottom\"><div><\/div><\/div>\n        \n    <\/div>\n\n    <\/div>\n\n\n\n<div style=\"height:100px\" aria-hidden=\"true\" class=\"wp-block-spacer\"><\/div>\n\n\n\n<figure class=\"wp-block-image alignfull size-full\"><img loading=\"lazy\" decoding=\"async\" width=\"2560\" height=\"1708\" src=\"https:\/\/canephron.ch\/wp-content\/uploads\/2022\/06\/gynenov-fullbild-footer-9-scaled.jpg\" alt=\"Eine Frau sitzend an einem steinigen Strand\" class=\"wp-image-5216\" srcset=\"https:\/\/www.canephron.ch\/wp-content\/uploads\/2022\/06\/gynenov-fullbild-footer-9-scaled.jpg 2560w, https:\/\/www.canephron.ch\/wp-content\/uploads\/2022\/06\/gynenov-fullbild-footer-9-300x200.jpg 300w, https:\/\/www.canephron.ch\/wp-content\/uploads\/2022\/06\/gynenov-fullbild-footer-9-1024x683.jpg 1024w, https:\/\/www.canephron.ch\/wp-content\/uploads\/2022\/06\/gynenov-fullbild-footer-9-768x512.jpg 768w, https:\/\/www.canephron.ch\/wp-content\/uploads\/2022\/06\/gynenov-fullbild-footer-9-1536x1025.jpg 1536w, https:\/\/www.canephron.ch\/wp-content\/uploads\/2022\/06\/gynenov-fullbild-footer-9-2048x1366.jpg 2048w, https:\/\/www.canephron.ch\/wp-content\/uploads\/2022\/06\/gynenov-fullbild-footer-9-1000x667.jpg 1000w\" sizes=\"auto, (max-width: 2560px) 100vw, 2560px\" \/><\/figure>\n","protected":false},"excerpt":{"rendered":"","protected":false},"author":13,"featured_media":0,"parent":0,"menu_order":0,"comment_status":"closed","ping_status":"closed","template":"","meta":{"_acf_changed":false,"footnotes":""},"class_list":["post-10515","page","type-page","status-publish","hentry"],"acf":[],"yoast_head":"<!-- This site is optimized with the Yoast SEO plugin v26.5 - https:\/\/yoast.com\/wordpress\/plugins\/seo\/ -->\n<title>\u00c0 propos de Canephron - Canephron<\/title>\n<meta name=\"description\" content=\"Canephron est un m\u00e9dicament traditionnel phytoth\u00e9rapeutique et contient une combinaison \u00e9prouv\u00e9e de plantes.\" \/>\n<meta name=\"robots\" content=\"index, follow, max-snippet:-1, max-image-preview:large, max-video-preview:-1\" \/>\n<link rel=\"canonical\" href=\"https:\/\/www.canephron.ch\/fr\/a-propos-de-canephron\/\" \/>\n<meta property=\"og:locale\" content=\"fr_FR\" \/>\n<meta property=\"og:type\" content=\"article\" \/>\n<meta property=\"og:title\" content=\"\u00c0 propos de Canephron - Canephron\" \/>\n<meta property=\"og:description\" content=\"Canephron est un m\u00e9dicament traditionnel phytoth\u00e9rapeutique et contient une combinaison \u00e9prouv\u00e9e de plantes.\" \/>\n<meta property=\"og:url\" content=\"https:\/\/www.canephron.ch\/fr\/a-propos-de-canephron\/\" \/>\n<meta property=\"og:site_name\" content=\"Canephron\" \/>\n<meta property=\"article:modified_time\" content=\"2024-08-16T16:40:08+00:00\" \/>\n<meta property=\"og:image\" content=\"https:\/\/canephron.ch\/wp-content\/uploads\/2022\/06\/gynenov-fullbild-footer-9-scaled.jpg\" \/>\n<meta name=\"twitter:card\" content=\"summary_large_image\" \/>\n<meta name=\"twitter:label1\" content=\"Dur\u00e9e de lecture estim\u00e9e\" \/>\n\t<meta name=\"twitter:data1\" content=\"1 minute\" \/>\n<script type=\"application\/ld+json\" class=\"yoast-schema-graph\">{\"@context\":\"https:\/\/schema.org\",\"@graph\":[{\"@type\":\"WebPage\",\"@id\":\"https:\/\/www.canephron.ch\/fr\/a-propos-de-canephron\/\",\"url\":\"https:\/\/www.canephron.ch\/fr\/a-propos-de-canephron\/\",\"name\":\"\u00c0 propos de Canephron - Canephron\",\"isPartOf\":{\"@id\":\"https:\/\/www.canephron.ch\/fr\/#website\"},\"primaryImageOfPage\":{\"@id\":\"https:\/\/www.canephron.ch\/fr\/a-propos-de-canephron\/#primaryimage\"},\"image\":{\"@id\":\"https:\/\/www.canephron.ch\/fr\/a-propos-de-canephron\/#primaryimage\"},\"thumbnailUrl\":\"https:\/\/canephron.ch\/wp-content\/uploads\/2022\/06\/gynenov-fullbild-footer-9-scaled.jpg\",\"datePublished\":\"2023-06-12T13:02:23+00:00\",\"dateModified\":\"2024-08-16T16:40:08+00:00\",\"description\":\"Canephron est un m\u00e9dicament traditionnel phytoth\u00e9rapeutique et contient une combinaison \u00e9prouv\u00e9e de plantes.\",\"breadcrumb\":{\"@id\":\"https:\/\/www.canephron.ch\/fr\/a-propos-de-canephron\/#breadcrumb\"},\"inLanguage\":\"fr-FR\",\"potentialAction\":[{\"@type\":\"ReadAction\",\"target\":[\"https:\/\/www.canephron.ch\/fr\/a-propos-de-canephron\/\"]}]},{\"@type\":\"ImageObject\",\"inLanguage\":\"fr-FR\",\"@id\":\"https:\/\/www.canephron.ch\/fr\/a-propos-de-canephron\/#primaryimage\",\"url\":\"https:\/\/canephron.ch\/wp-content\/uploads\/2022\/06\/gynenov-fullbild-footer-9-scaled.jpg\",\"contentUrl\":\"https:\/\/canephron.ch\/wp-content\/uploads\/2022\/06\/gynenov-fullbild-footer-9-scaled.jpg\"},{\"@type\":\"BreadcrumbList\",\"@id\":\"https:\/\/www.canephron.ch\/fr\/a-propos-de-canephron\/#breadcrumb\",\"itemListElement\":[{\"@type\":\"ListItem\",\"position\":1,\"name\":\"Home\",\"item\":\"https:\/\/www.canephron.ch\/fr\/\"},{\"@type\":\"ListItem\",\"position\":2,\"name\":\"\u00c0 propos de Canephron\"}]},{\"@type\":\"WebSite\",\"@id\":\"https:\/\/www.canephron.ch\/fr\/#website\",\"url\":\"https:\/\/www.canephron.ch\/fr\/\",\"name\":\"Canephron\u00ae gegen Blasenentz\u00fcndung\",\"description\":\"\",\"publisher\":{\"@id\":\"https:\/\/www.canephron.ch\/fr\/#organization\"},\"potentialAction\":[{\"@type\":\"SearchAction\",\"target\":{\"@type\":\"EntryPoint\",\"urlTemplate\":\"https:\/\/www.canephron.ch\/fr\/?s={search_term_string}\"},\"query-input\":{\"@type\":\"PropertyValueSpecification\",\"valueRequired\":true,\"valueName\":\"search_term_string\"}}],\"inLanguage\":\"fr-FR\"},{\"@type\":\"Organization\",\"@id\":\"https:\/\/www.canephron.ch\/fr\/#organization\",\"name\":\"Canephron Biomed AG\",\"url\":\"https:\/\/www.canephron.ch\/fr\/\",\"logo\":{\"@type\":\"ImageObject\",\"inLanguage\":\"fr-FR\",\"@id\":\"https:\/\/www.canephron.ch\/fr\/#\/schema\/logo\/image\/\",\"url\":\"https:\/\/www.canephron.ch\/wp-content\/uploads\/2025\/02\/logo.svg\",\"contentUrl\":\"https:\/\/www.canephron.ch\/wp-content\/uploads\/2025\/02\/logo.svg\",\"width\":446,\"height\":51,\"caption\":\"Canephron Biomed AG\"},\"image\":{\"@id\":\"https:\/\/www.canephron.ch\/fr\/#\/schema\/logo\/image\/\"}}]}<\/script>\n<!-- \/ Yoast SEO plugin. -->","yoast_head_json":{"title":"\u00c0 propos de Canephron - Canephron","description":"Canephron est un m\u00e9dicament traditionnel phytoth\u00e9rapeutique et contient une combinaison \u00e9prouv\u00e9e de plantes.","robots":{"index":"index","follow":"follow","max-snippet":"max-snippet:-1","max-image-preview":"max-image-preview:large","max-video-preview":"max-video-preview:-1"},"canonical":"https:\/\/www.canephron.ch\/fr\/a-propos-de-canephron\/","og_locale":"fr_FR","og_type":"article","og_title":"\u00c0 propos de Canephron - Canephron","og_description":"Canephron est un m\u00e9dicament traditionnel phytoth\u00e9rapeutique et contient une combinaison \u00e9prouv\u00e9e de plantes.","og_url":"https:\/\/www.canephron.ch\/fr\/a-propos-de-canephron\/","og_site_name":"Canephron","article_modified_time":"2024-08-16T16:40:08+00:00","og_image":[{"url":"https:\/\/canephron.ch\/wp-content\/uploads\/2022\/06\/gynenov-fullbild-footer-9-scaled.jpg","type":"","width":"","height":""}],"twitter_card":"summary_large_image","twitter_misc":{"Dur\u00e9e de lecture estim\u00e9e":"1 minute"},"schema":{"@context":"https:\/\/schema.org","@graph":[{"@type":"WebPage","@id":"https:\/\/www.canephron.ch\/fr\/a-propos-de-canephron\/","url":"https:\/\/www.canephron.ch\/fr\/a-propos-de-canephron\/","name":"\u00c0 propos de Canephron - Canephron","isPartOf":{"@id":"https:\/\/www.canephron.ch\/fr\/#website"},"primaryImageOfPage":{"@id":"https:\/\/www.canephron.ch\/fr\/a-propos-de-canephron\/#primaryimage"},"image":{"@id":"https:\/\/www.canephron.ch\/fr\/a-propos-de-canephron\/#primaryimage"},"thumbnailUrl":"https:\/\/canephron.ch\/wp-content\/uploads\/2022\/06\/gynenov-fullbild-footer-9-scaled.jpg","datePublished":"2023-06-12T13:02:23+00:00","dateModified":"2024-08-16T16:40:08+00:00","description":"Canephron est un m\u00e9dicament traditionnel phytoth\u00e9rapeutique et contient une combinaison \u00e9prouv\u00e9e de plantes.","breadcrumb":{"@id":"https:\/\/www.canephron.ch\/fr\/a-propos-de-canephron\/#breadcrumb"},"inLanguage":"fr-FR","potentialAction":[{"@type":"ReadAction","target":["https:\/\/www.canephron.ch\/fr\/a-propos-de-canephron\/"]}]},{"@type":"ImageObject","inLanguage":"fr-FR","@id":"https:\/\/www.canephron.ch\/fr\/a-propos-de-canephron\/#primaryimage","url":"https:\/\/canephron.ch\/wp-content\/uploads\/2022\/06\/gynenov-fullbild-footer-9-scaled.jpg","contentUrl":"https:\/\/canephron.ch\/wp-content\/uploads\/2022\/06\/gynenov-fullbild-footer-9-scaled.jpg"},{"@type":"BreadcrumbList","@id":"https:\/\/www.canephron.ch\/fr\/a-propos-de-canephron\/#breadcrumb","itemListElement":[{"@type":"ListItem","position":1,"name":"Home","item":"https:\/\/www.canephron.ch\/fr\/"},{"@type":"ListItem","position":2,"name":"\u00c0 propos de Canephron"}]},{"@type":"WebSite","@id":"https:\/\/www.canephron.ch\/fr\/#website","url":"https:\/\/www.canephron.ch\/fr\/","name":"Canephron\u00ae gegen Blasenentz\u00fcndung","description":"","publisher":{"@id":"https:\/\/www.canephron.ch\/fr\/#organization"},"potentialAction":[{"@type":"SearchAction","target":{"@type":"EntryPoint","urlTemplate":"https:\/\/www.canephron.ch\/fr\/?s={search_term_string}"},"query-input":{"@type":"PropertyValueSpecification","valueRequired":true,"valueName":"search_term_string"}}],"inLanguage":"fr-FR"},{"@type":"Organization","@id":"https:\/\/www.canephron.ch\/fr\/#organization","name":"Canephron Biomed AG","url":"https:\/\/www.canephron.ch\/fr\/","logo":{"@type":"ImageObject","inLanguage":"fr-FR","@id":"https:\/\/www.canephron.ch\/fr\/#\/schema\/logo\/image\/","url":"https:\/\/www.canephron.ch\/wp-content\/uploads\/2025\/02\/logo.svg","contentUrl":"https:\/\/www.canephron.ch\/wp-content\/uploads\/2025\/02\/logo.svg","width":446,"height":51,"caption":"Canephron Biomed AG"},"image":{"@id":"https:\/\/www.canephron.ch\/fr\/#\/schema\/logo\/image\/"}}]}},"_links":{"self":[{"href":"https:\/\/www.canephron.ch\/fr\/wp-json\/wp\/v2\/pages\/10515","targetHints":{"allow":["GET"]}}],"collection":[{"href":"https:\/\/www.canephron.ch\/fr\/wp-json\/wp\/v2\/pages"}],"about":[{"href":"https:\/\/www.canephron.ch\/fr\/wp-json\/wp\/v2\/types\/page"}],"author":[{"embeddable":true,"href":"https:\/\/www.canephron.ch\/fr\/wp-json\/wp\/v2\/users\/13"}],"replies":[{"embeddable":true,"href":"https:\/\/www.canephron.ch\/fr\/wp-json\/wp\/v2\/comments?post=10515"}],"version-history":[{"count":13,"href":"https:\/\/www.canephron.ch\/fr\/wp-json\/wp\/v2\/pages\/10515\/revisions"}],"predecessor-version":[{"id":11154,"href":"https:\/\/www.canephron.ch\/fr\/wp-json\/wp\/v2\/pages\/10515\/revisions\/11154"}],"wp:attachment":[{"href":"https:\/\/www.canephron.ch\/fr\/wp-json\/wp\/v2\/media?parent=10515"}],"curies":[{"name":"wp","href":"https:\/\/api.w.org\/{rel}","templated":true}]}}